{"id":129,"date":"2017-03-08T17:45:37","date_gmt":"2017-03-08T17:45:37","guid":{"rendered":"http:\/\/kiga-im-alten-schulhaus.de\/kias2\/?page_id=129"},"modified":"2026-01-01T12:24:49","modified_gmt":"2026-01-01T11:24:49","slug":"kindergarten","status":"publish","type":"page","link":"https:\/\/kiga-im-alten-schulhaus.de\/kias2\/personliches\/kindergarten\/","title":{"rendered":"Kindergarten"},"content":{"rendered":"<div>\n<p>In unserem kleinen, famili\u00e4ren Kindergarten spielen, toben, singen, lachen, malen, tanzen, lesen, matschen, plantschen, experimentieren, meditieren, lernen, konferieren, schreien, streiten, kuscheln und feiern <strong>36 Kinder im Alter von 2,5 bis 6 Jahren<\/strong>. Unsere Kleinsten starten bei uns bereits mit 2,5 Jahren. Bei uns bleiben sie bis zum Start in die Schule. Alle Kinder werden in einem offenen Gruppenkonzept betreut: Jedes Kind w\u00e4hlt morgens aus, in welchem Funktionsraum und mit welcher\/m Erzieher*in es nach dem Fr\u00fchst\u00fcck den Tag verbringen will. Das gibt den Kindern Orientierung, Sicherheit und das gute Gef\u00fchl, selbst entscheiden zu d\u00fcrfen.<\/p>\n<p>Der Kindergarten befindet sich im Stadtteil Oberf\u00f6hring in unmittelbarer N\u00e4he zum Englischen Garten und der Isar. Unseren Garten nutzen wir bei jedem Wetter \u2013 und kein Kind geht jemals sauber nach Hause.<\/p>\n<p>Tempor\u00e4rer Umzug: Wegen Sanierungsarbeiten am Dach wird der Kindergarten von Februar 2026 bis voraussichtlich Oktober 2026 in der Englschalkinger Stra\u00dfe 234 untergebracht sein.<\/p>\n<p><img loading=\"lazy\" decoding=\"async\" class=\"alignleft wp-image-2128\" src=\"https:\/\/kiga-im-alten-schulhaus.de\/kias2\/wp-content\/uploads\/2024\/10\/Fassade-neu-1024x570.jpg\" alt=\"\" width=\"512\" height=\"285\" srcset=\"https:\/\/kiga-im-alten-schulhaus.de\/kias2\/wp-content\/uploads\/2024\/10\/Fassade-neu-1024x570.jpg 1024w, https:\/\/kiga-im-alten-schulhaus.de\/kias2\/wp-content\/uploads\/2024\/10\/Fassade-neu-300x167.jpg 300w, https:\/\/kiga-im-alten-schulhaus.de\/kias2\/wp-content\/uploads\/2024\/10\/Fassade-neu-768x428.jpg 768w, https:\/\/kiga-im-alten-schulhaus.de\/kias2\/wp-content\/uploads\/2024\/10\/Fassade-neu.jpg 1476w\" sizes=\"auto, (max-width: 512px) 100vw, 512px\" \/><\/p>\n<p><img loading=\"lazy\" decoding=\"async\" class=\"alignleft wp-image-2126\" src=\"https:\/\/kiga-im-alten-schulhaus.de\/kias2\/wp-content\/uploads\/2024\/10\/Garten-neu-1024x581.jpg\" alt=\"\" width=\"507\" height=\"288\" srcset=\"https:\/\/kiga-im-alten-schulhaus.de\/kias2\/wp-content\/uploads\/2024\/10\/Garten-neu-1024x581.jpg 1024w, https:\/\/kiga-im-alten-schulhaus.de\/kias2\/wp-content\/uploads\/2024\/10\/Garten-neu-300x170.jpg 300w, https:\/\/kiga-im-alten-schulhaus.de\/kias2\/wp-content\/uploads\/2024\/10\/Garten-neu-768x435.jpg 768w, https:\/\/kiga-im-alten-schulhaus.de\/kias2\/wp-content\/uploads\/2024\/10\/Garten-neu-832x475.jpg 832w, https:\/\/kiga-im-alten-schulhaus.de\/kias2\/wp-content\/uploads\/2024\/10\/Garten-neu.jpg 1180w\" sizes=\"auto, (max-width: 507px) 100vw, 507px\" \/><\/p>\n<\/div>\n<div><\/div>\n<div><\/div>\n<div><\/div>\n<div><\/div>\n<div><\/div>\n<div><\/div>\n<div><\/div>\n<div><\/div>\n<div><\/div>\n<div><\/div>\n<div><\/div>\n<div><\/div>\n<div><\/div>\n<div><\/div>\n","protected":false},"excerpt":{"rendered":"<p>In unserem kleinen, famili\u00e4ren Kindergarten spielen, toben, singen, lachen, malen, tanzen, lesen, matschen, plantschen, experimentieren, meditieren, lernen, konferieren, schreien, streiten, kuscheln und feiern 36 Kinder im Alter von 2,5 bis 6 Jahren. Unsere Kleinsten starten bei uns bereits mit 2,5 &hellip; <\/p>\n","protected":false},"author":11,"featured_media":0,"parent":127,"menu_order":0,"comment_status":"closed","ping_status":"closed","template":"","meta":{"footnotes":""},"class_list":["post-129","page","type-page","status-publish","hentry"],"yoast_head":"<!-- This site is optimized with the Yoast SEO plugin v27.4 - https:\/\/yoast.com\/product\/yoast-seo-wordpress\/ -->\n<title>Kindergarten im alten Schulhaus e.V. &#8211; Kindergarten<\/title>\n<meta name=\"robots\" content=\"index, follow, max-snippet:-1, max-image-preview:large, max-video-preview:-1\" \/>\n<link rel=\"canonical\" href=\"https:\/\/kiga-im-alten-schulhaus.de\/kias2\/personliches\/kindergarten\/\" \/>\n<meta property=\"og:locale\" content=\"de_DE\" \/>\n<meta property=\"og:type\" content=\"article\" \/>\n<meta property=\"og:title\" content=\"Kindergarten im alten Schulhaus e.V. &#8211; Kindergarten\" \/>\n<meta property=\"og:description\" content=\"In unserem kleinen, famili\u00e4ren Kindergarten spielen, toben, singen, lachen, malen, tanzen, lesen, matschen, plantschen, experimentieren, meditieren, lernen, konferieren, schreien, streiten, kuscheln und feiern 36 Kinder im Alter von 2,5 bis 6 Jahren. Unsere Kleinsten starten bei uns bereits mit 2,5 &hellip;\" \/>\n<meta property=\"og:url\" content=\"https:\/\/kiga-im-alten-schulhaus.de\/kias2\/personliches\/kindergarten\/\" \/>\n<meta property=\"og:site_name\" content=\"Kindergarten im alten Schulhaus e.V.\" \/>\n<meta property=\"article:modified_time\" content=\"2026-01-01T11:24:49+00:00\" \/>\n<meta property=\"og:image\" content=\"https:\/\/kiga-im-alten-schulhaus.de\/kias2\/wp-content\/uploads\/2024\/10\/Fassade-neu.jpg\" \/>\n\t<meta property=\"og:image:width\" content=\"1476\" \/>\n\t<meta property=\"og:image:height\" content=\"822\" \/>\n\t<meta property=\"og:image:type\" content=\"image\/jpeg\" \/>\n<meta name=\"twitter:card\" content=\"summary_large_image\" \/>\n<meta name=\"twitter:label1\" content=\"Gesch\u00e4tzte Lesezeit\" \/>\n\t<meta name=\"twitter:data1\" content=\"2\u00a0Minuten\" \/>\n<script type=\"application\/ld+json\" class=\"yoast-schema-graph\">{\"@context\":\"https:\\\/\\\/schema.org\",\"@graph\":[{\"@type\":\"WebPage\",\"@id\":\"https:\\\/\\\/kiga-im-alten-schulhaus.de\\\/kias2\\\/personliches\\\/kindergarten\\\/\",\"url\":\"https:\\\/\\\/kiga-im-alten-schulhaus.de\\\/kias2\\\/personliches\\\/kindergarten\\\/\",\"name\":\"Kindergarten im alten Schulhaus e.V. &#8211; Kindergarten\",\"isPartOf\":{\"@id\":\"https:\\\/\\\/kiga-im-alten-schulhaus.de\\\/kias2\\\/#website\"},\"primaryImageOfPage\":{\"@id\":\"https:\\\/\\\/kiga-im-alten-schulhaus.de\\\/kias2\\\/personliches\\\/kindergarten\\\/#primaryimage\"},\"image\":{\"@id\":\"https:\\\/\\\/kiga-im-alten-schulhaus.de\\\/kias2\\\/personliches\\\/kindergarten\\\/#primaryimage\"},\"thumbnailUrl\":\"https:\\\/\\\/kiga-im-alten-schulhaus.de\\\/kias2\\\/wp-content\\\/uploads\\\/2024\\\/10\\\/Fassade-neu-1024x570.jpg\",\"datePublished\":\"2017-03-08T17:45:37+00:00\",\"dateModified\":\"2026-01-01T11:24:49+00:00\",\"breadcrumb\":{\"@id\":\"https:\\\/\\\/kiga-im-alten-schulhaus.de\\\/kias2\\\/personliches\\\/kindergarten\\\/#breadcrumb\"},\"inLanguage\":\"de\",\"potentialAction\":[{\"@type\":\"ReadAction\",\"target\":[\"https:\\\/\\\/kiga-im-alten-schulhaus.de\\\/kias2\\\/personliches\\\/kindergarten\\\/\"]}]},{\"@type\":\"ImageObject\",\"inLanguage\":\"de\",\"@id\":\"https:\\\/\\\/kiga-im-alten-schulhaus.de\\\/kias2\\\/personliches\\\/kindergarten\\\/#primaryimage\",\"url\":\"https:\\\/\\\/kiga-im-alten-schulhaus.de\\\/kias2\\\/wp-content\\\/uploads\\\/2024\\\/10\\\/Fassade-neu.jpg\",\"contentUrl\":\"https:\\\/\\\/kiga-im-alten-schulhaus.de\\\/kias2\\\/wp-content\\\/uploads\\\/2024\\\/10\\\/Fassade-neu.jpg\",\"width\":1476,\"height\":822,\"caption\":\"Altes Schulhaus\"},{\"@type\":\"BreadcrumbList\",\"@id\":\"https:\\\/\\\/kiga-im-alten-schulhaus.de\\\/kias2\\\/personliches\\\/kindergarten\\\/#breadcrumb\",\"itemListElement\":[{\"@type\":\"ListItem\",\"position\":1,\"name\":\"Home\",\"item\":\"https:\\\/\\\/kiga-im-alten-schulhaus.de\\\/kias2\\\/\"},{\"@type\":\"ListItem\",\"position\":2,\"name\":\"\u00dcber uns\",\"item\":\"https:\\\/\\\/kiga-im-alten-schulhaus.de\\\/kias2\\\/personliches\\\/\"},{\"@type\":\"ListItem\",\"position\":3,\"name\":\"Kindergarten\"}]},{\"@type\":\"WebSite\",\"@id\":\"https:\\\/\\\/kiga-im-alten-schulhaus.de\\\/kias2\\\/#website\",\"url\":\"https:\\\/\\\/kiga-im-alten-schulhaus.de\\\/kias2\\\/\",\"name\":\"Kindergarten im alten Schulhaus e.V.\",\"description\":\"\",\"publisher\":{\"@id\":\"https:\\\/\\\/kiga-im-alten-schulhaus.de\\\/kias2\\\/#organization\"},\"potentialAction\":[{\"@type\":\"SearchAction\",\"target\":{\"@type\":\"EntryPoint\",\"urlTemplate\":\"https:\\\/\\\/kiga-im-alten-schulhaus.de\\\/kias2\\\/?s={search_term_string}\"},\"query-input\":{\"@type\":\"PropertyValueSpecification\",\"valueRequired\":true,\"valueName\":\"search_term_string\"}}],\"inLanguage\":\"de\"},{\"@type\":\"Organization\",\"@id\":\"https:\\\/\\\/kiga-im-alten-schulhaus.de\\\/kias2\\\/#organization\",\"name\":\"Kindergarten im Alten Schulhaus e.V.\",\"url\":\"https:\\\/\\\/kiga-im-alten-schulhaus.de\\\/kias2\\\/\",\"logo\":{\"@type\":\"ImageObject\",\"inLanguage\":\"de\",\"@id\":\"https:\\\/\\\/kiga-im-alten-schulhaus.de\\\/kias2\\\/#\\\/schema\\\/logo\\\/image\\\/\",\"url\":\"http:\\\/\\\/kiga-im-alten-schulhaus.de\\\/kias2\\\/wp-content\\\/uploads\\\/2017\\\/03\\\/cropped-haus-1.jpg\",\"contentUrl\":\"http:\\\/\\\/kiga-im-alten-schulhaus.de\\\/kias2\\\/wp-content\\\/uploads\\\/2017\\\/03\\\/cropped-haus-1.jpg\",\"width\":512,\"height\":512,\"caption\":\"Kindergarten im Alten Schulhaus e.V.\"},\"image\":{\"@id\":\"https:\\\/\\\/kiga-im-alten-schulhaus.de\\\/kias2\\\/#\\\/schema\\\/logo\\\/image\\\/\"}}]}<\/script>\n<!-- \/ Yoast SEO plugin. -->","yoast_head_json":{"title":"Kindergarten im alten Schulhaus e.V. &#8211; Kindergarten","robots":{"index":"index","follow":"follow","max-snippet":"max-snippet:-1","max-image-preview":"max-image-preview:large","max-video-preview":"max-video-preview:-1"},"canonical":"https:\/\/kiga-im-alten-schulhaus.de\/kias2\/personliches\/kindergarten\/","og_locale":"de_DE","og_type":"article","og_title":"Kindergarten im alten Schulhaus e.V. &#8211; Kindergarten","og_description":"In unserem kleinen, famili\u00e4ren Kindergarten spielen, toben, singen, lachen, malen, tanzen, lesen, matschen, plantschen, experimentieren, meditieren, lernen, konferieren, schreien, streiten, kuscheln und feiern 36 Kinder im Alter von 2,5 bis 6 Jahren. Unsere Kleinsten starten bei uns bereits mit 2,5 &hellip;","og_url":"https:\/\/kiga-im-alten-schulhaus.de\/kias2\/personliches\/kindergarten\/","og_site_name":"Kindergarten im alten Schulhaus e.V.","article_modified_time":"2026-01-01T11:24:49+00:00","og_image":[{"width":1476,"height":822,"url":"https:\/\/kiga-im-alten-schulhaus.de\/kias2\/wp-content\/uploads\/2024\/10\/Fassade-neu.jpg","type":"image\/jpeg"}],"twitter_card":"summary_large_image","twitter_misc":{"Gesch\u00e4tzte Lesezeit":"2\u00a0Minuten"},"schema":{"@context":"https:\/\/schema.org","@graph":[{"@type":"WebPage","@id":"https:\/\/kiga-im-alten-schulhaus.de\/kias2\/personliches\/kindergarten\/","url":"https:\/\/kiga-im-alten-schulhaus.de\/kias2\/personliches\/kindergarten\/","name":"Kindergarten im alten Schulhaus e.V. &#8211; Kindergarten","isPartOf":{"@id":"https:\/\/kiga-im-alten-schulhaus.de\/kias2\/#website"},"primaryImageOfPage":{"@id":"https:\/\/kiga-im-alten-schulhaus.de\/kias2\/personliches\/kindergarten\/#primaryimage"},"image":{"@id":"https:\/\/kiga-im-alten-schulhaus.de\/kias2\/personliches\/kindergarten\/#primaryimage"},"thumbnailUrl":"https:\/\/kiga-im-alten-schulhaus.de\/kias2\/wp-content\/uploads\/2024\/10\/Fassade-neu-1024x570.jpg","datePublished":"2017-03-08T17:45:37+00:00","dateModified":"2026-01-01T11:24:49+00:00","breadcrumb":{"@id":"https:\/\/kiga-im-alten-schulhaus.de\/kias2\/personliches\/kindergarten\/#breadcrumb"},"inLanguage":"de","potentialAction":[{"@type":"ReadAction","target":["https:\/\/kiga-im-alten-schulhaus.de\/kias2\/personliches\/kindergarten\/"]}]},{"@type":"ImageObject","inLanguage":"de","@id":"https:\/\/kiga-im-alten-schulhaus.de\/kias2\/personliches\/kindergarten\/#primaryimage","url":"https:\/\/kiga-im-alten-schulhaus.de\/kias2\/wp-content\/uploads\/2024\/10\/Fassade-neu.jpg","contentUrl":"https:\/\/kiga-im-alten-schulhaus.de\/kias2\/wp-content\/uploads\/2024\/10\/Fassade-neu.jpg","width":1476,"height":822,"caption":"Altes Schulhaus"},{"@type":"BreadcrumbList","@id":"https:\/\/kiga-im-alten-schulhaus.de\/kias2\/personliches\/kindergarten\/#breadcrumb","itemListElement":[{"@type":"ListItem","position":1,"name":"Home","item":"https:\/\/kiga-im-alten-schulhaus.de\/kias2\/"},{"@type":"ListItem","position":2,"name":"\u00dcber uns","item":"https:\/\/kiga-im-alten-schulhaus.de\/kias2\/personliches\/"},{"@type":"ListItem","position":3,"name":"Kindergarten"}]},{"@type":"WebSite","@id":"https:\/\/kiga-im-alten-schulhaus.de\/kias2\/#website","url":"https:\/\/kiga-im-alten-schulhaus.de\/kias2\/","name":"Kindergarten im alten Schulhaus e.V.","description":"","publisher":{"@id":"https:\/\/kiga-im-alten-schulhaus.de\/kias2\/#organization"},"potentialAction":[{"@type":"SearchAction","target":{"@type":"EntryPoint","urlTemplate":"https:\/\/kiga-im-alten-schulhaus.de\/kias2\/?s={search_term_string}"},"query-input":{"@type":"PropertyValueSpecification","valueRequired":true,"valueName":"search_term_string"}}],"inLanguage":"de"},{"@type":"Organization","@id":"https:\/\/kiga-im-alten-schulhaus.de\/kias2\/#organization","name":"Kindergarten im Alten Schulhaus e.V.","url":"https:\/\/kiga-im-alten-schulhaus.de\/kias2\/","logo":{"@type":"ImageObject","inLanguage":"de","@id":"https:\/\/kiga-im-alten-schulhaus.de\/kias2\/#\/schema\/logo\/image\/","url":"http:\/\/kiga-im-alten-schulhaus.de\/kias2\/wp-content\/uploads\/2017\/03\/cropped-haus-1.jpg","contentUrl":"http:\/\/kiga-im-alten-schulhaus.de\/kias2\/wp-content\/uploads\/2017\/03\/cropped-haus-1.jpg","width":512,"height":512,"caption":"Kindergarten im Alten Schulhaus e.V."},"image":{"@id":"https:\/\/kiga-im-alten-schulhaus.de\/kias2\/#\/schema\/logo\/image\/"}}]}},"_links":{"self":[{"href":"https:\/\/kiga-im-alten-schulhaus.de\/kias2\/wp-json\/wp\/v2\/pages\/129","targetHints":{"allow":["GET"]}}],"collection":[{"href":"https:\/\/kiga-im-alten-schulhaus.de\/kias2\/wp-json\/wp\/v2\/pages"}],"about":[{"href":"https:\/\/kiga-im-alten-schulhaus.de\/kias2\/wp-json\/wp\/v2\/types\/page"}],"author":[{"embeddable":true,"href":"https:\/\/kiga-im-alten-schulhaus.de\/kias2\/wp-json\/wp\/v2\/users\/11"}],"replies":[{"embeddable":true,"href":"https:\/\/kiga-im-alten-schulhaus.de\/kias2\/wp-json\/wp\/v2\/comments?post=129"}],"version-history":[{"count":12,"href":"https:\/\/kiga-im-alten-schulhaus.de\/kias2\/wp-json\/wp\/v2\/pages\/129\/revisions"}],"predecessor-version":[{"id":2317,"href":"https:\/\/kiga-im-alten-schulhaus.de\/kias2\/wp-json\/wp\/v2\/pages\/129\/revisions\/2317"}],"up":[{"embeddable":true,"href":"https:\/\/kiga-im-alten-schulhaus.de\/kias2\/wp-json\/wp\/v2\/pages\/127"}],"wp:attachment":[{"href":"https:\/\/kiga-im-alten-schulhaus.de\/kias2\/wp-json\/wp\/v2\/media?parent=129"}],"curies":[{"name":"wp","href":"https:\/\/api.w.org\/{rel}","templated":true}]}}