{"id":131,"date":"2017-03-08T17:45:37","date_gmt":"2017-03-08T17:45:37","guid":{"rendered":"http:\/\/kiga-im-alten-schulhaus.de\/kias2\/?page_id=131"},"modified":"2026-03-13T14:52:33","modified_gmt":"2026-03-13T13:52:33","slug":"eltern-kind-initiative","status":"publish","type":"page","link":"https:\/\/kiga-im-alten-schulhaus.de\/kias2\/personliches\/eltern-kind-initiative\/","title":{"rendered":"Eltern-Kind-Initiative"},"content":{"rendered":"<p>Seit 1970 ist der Kindergarten im alten Schulhaus e.V. eine Eltern-Kind-Initiative. Unsere Eltern d\u00fcrfen sich aktiv am Kindergartenalltag beteiligen. Sie d\u00fcrfen vorschlagen, organisieren, nachfragen, mitspielen, abstimmen, kochen, vorbereiten, malern, feiern, singen, aufpassen und noch vieles mehr. Unser Kindergarten ist ein Haus f\u00fcr uns alle!<\/p>\n<p><strong><img loading=\"lazy\" decoding=\"async\" class=\"alignnone size-full wp-image-1642\" src=\"https:\/\/kiga-im-alten-schulhaus.de\/kias2\/wp-content\/uploads\/2022\/09\/KINDERGARTEN_web_ulineumanncosel_51.jpg\" alt=\"\" width=\"2048\" height=\"1365\" srcset=\"https:\/\/kiga-im-alten-schulhaus.de\/kias2\/wp-content\/uploads\/2022\/09\/KINDERGARTEN_web_ulineumanncosel_51.jpg 2048w, https:\/\/kiga-im-alten-schulhaus.de\/kias2\/wp-content\/uploads\/2022\/09\/KINDERGARTEN_web_ulineumanncosel_51-300x200.jpg 300w, https:\/\/kiga-im-alten-schulhaus.de\/kias2\/wp-content\/uploads\/2022\/09\/KINDERGARTEN_web_ulineumanncosel_51-1024x683.jpg 1024w, https:\/\/kiga-im-alten-schulhaus.de\/kias2\/wp-content\/uploads\/2022\/09\/KINDERGARTEN_web_ulineumanncosel_51-768x512.jpg 768w, https:\/\/kiga-im-alten-schulhaus.de\/kias2\/wp-content\/uploads\/2022\/09\/KINDERGARTEN_web_ulineumanncosel_51-1536x1024.jpg 1536w\" sizes=\"auto, (max-width: 2048px) 100vw, 2048px\" \/><\/strong><\/p>\n<p><strong>Die Struktur des Kindergartens sieht konkret so aus:<\/strong><\/p>\n<p>Die Elternschaft bildet einen Verein, der als Tr\u00e4ger des Kindergartens fungiert und so die organisatorischen, finanziellen und personellen Geschicke des Kindergartens lenkt. F\u00fcnf Vorstandsmitglieder f\u00fchren den nicht-p\u00e4dagogischen Teil des Kindergartens, so z.B. Finanzen, Kasse, Hausangelegenheiten, Personal und Teamunterst\u00fctzung. Viele Familien unterst\u00fctzen sie dabei mit Aufgaben wie beispielsweise Feste vorbereiten, Garderoben umbauen, den Garten pflegen, den Internetauftritt gestalten und vieles mehr. Zweimal im Jahr helfen wir alle beim Arbeitsfest zusammen, den Kindergarten auf Vordermann zu bringen. Und eventuell mal Notdienst machen \u2013 das hei\u00dft, den Vormittag im Kindergarten verbringen d\u00fcrfen, wenn personeller Notstand herrscht. Au\u00dferdem nat\u00fcrlich kr\u00e4ftig feiern und ein bisschen Helfer spielen f\u00fcrs Sommerfest, die Weihnachtsfeier, den Martinsumzug, den Osterbrunch. Grunds\u00e4tzlich sind das alles Dinge, die den Eltern Spa\u00df machen und nat\u00fcrlich v.a. f\u00fcr die Kinder unendlich sch\u00f6n und wichtig sind. Bei uns hilft jeder jedem, wichtig ist uns dabei die goldene Mitte \u2013 ein Miteinander ohne ein Zuviel davon.<\/p>\n<p><strong>Die P\u00e4dagogik \u00fcberlassen wird unserem sehr kompetenten Personal, da wir meist nicht vom Fach sind.<\/strong><\/p>\n<p>Mehr \u00fcber den Verein erfahren Sie in unserer <span style=\"color: #ff6600;\"><span style=\"color: #ff9900;\"><a style=\"color: #ff9900;\" href=\"https:\/\/kiga-im-alten-schulhaus.de\/kias2\/wp-content\/uploads\/2024\/09\/2024-09-04-KiaS_Satzung_2024.pdf\" target=\"_blank\" rel=\"noopener\"><strong>Satzung<\/strong><\/a><\/span>.<\/span><\/p>\n<p>Und hier finden Sie unsere <span style=\"color: #ff6600;\"><a style=\"color: #ff6600;\" href=\"https:\/\/kiga-im-alten-schulhaus.de\/kias2\/wp-content\/uploads\/2025\/11\/Beitragsordnung-2025.pdf\"><strong><span style=\"color: #ff9900;\">Beitragsordnung <\/span><\/strong><\/a><\/span>sowie die <a href=\"https:\/\/kiga-im-alten-schulhaus.de\/kias2\/wp-content\/uploads\/2024\/10\/Besuchsgebuehr.png\"><strong><span style=\"color: #ff9900;\">Buchungsgeb\u00fchr<\/span><\/strong><\/a> nach gebuchten Stunden.<\/p>\n<p>&nbsp;<\/p>\n<p>&nbsp;<\/p>\n","protected":false},"excerpt":{"rendered":"<p>Seit 1970 ist der Kindergarten im alten Schulhaus e.V. eine Eltern-Kind-Initiative. Unsere Eltern d\u00fcrfen sich aktiv am Kindergartenalltag beteiligen. Sie d\u00fcrfen vorschlagen, organisieren, nachfragen, mitspielen, abstimmen, kochen, vorbereiten, malern, feiern, singen, aufpassen und noch vieles mehr. Unser Kindergarten ist ein &hellip; <\/p>\n","protected":false},"author":11,"featured_media":0,"parent":127,"menu_order":0,"comment_status":"closed","ping_status":"closed","template":"","meta":{"footnotes":""},"class_list":["post-131","page","type-page","status-publish","hentry"],"yoast_head":"<!-- This site is optimized with the Yoast SEO plugin v27.3 - https:\/\/yoast.com\/product\/yoast-seo-wordpress\/ -->\n<title>Kindergarten im alten Schulhaus e.V. &#8211; Eltern-Kind-Initiative<\/title>\n<meta name=\"robots\" content=\"index, follow, max-snippet:-1, max-image-preview:large, max-video-preview:-1\" \/>\n<link rel=\"canonical\" href=\"https:\/\/kiga-im-alten-schulhaus.de\/kias2\/personliches\/eltern-kind-initiative\/\" \/>\n<meta property=\"og:locale\" content=\"de_DE\" \/>\n<meta property=\"og:type\" content=\"article\" \/>\n<meta property=\"og:title\" content=\"Kindergarten im alten Schulhaus e.V. &#8211; Eltern-Kind-Initiative\" \/>\n<meta property=\"og:description\" content=\"Seit 1970 ist der Kindergarten im alten Schulhaus e.V. eine Eltern-Kind-Initiative. Unsere Eltern d\u00fcrfen sich aktiv am Kindergartenalltag beteiligen. Sie d\u00fcrfen vorschlagen, organisieren, nachfragen, mitspielen, abstimmen, kochen, vorbereiten, malern, feiern, singen, aufpassen und noch vieles mehr. Unser Kindergarten ist ein &hellip;\" \/>\n<meta property=\"og:url\" content=\"https:\/\/kiga-im-alten-schulhaus.de\/kias2\/personliches\/eltern-kind-initiative\/\" \/>\n<meta property=\"og:site_name\" content=\"Kindergarten im alten Schulhaus e.V.\" \/>\n<meta property=\"article:modified_time\" content=\"2026-03-13T13:52:33+00:00\" \/>\n<meta property=\"og:image\" content=\"http:\/\/kiga-im-alten-schulhaus.de\/kias2\/wp-content\/uploads\/2022\/09\/KINDERGARTEN_web_ulineumanncosel_51.jpg\" \/>\n<meta name=\"twitter:card\" content=\"summary_large_image\" \/>\n<meta name=\"twitter:label1\" content=\"Gesch\u00e4tzte Lesezeit\" \/>\n\t<meta name=\"twitter:data1\" content=\"2\u00a0Minuten\" \/>\n<script type=\"application\/ld+json\" class=\"yoast-schema-graph\">{\"@context\":\"https:\\\/\\\/schema.org\",\"@graph\":[{\"@type\":\"WebPage\",\"@id\":\"https:\\\/\\\/kiga-im-alten-schulhaus.de\\\/kias2\\\/personliches\\\/eltern-kind-initiative\\\/\",\"url\":\"https:\\\/\\\/kiga-im-alten-schulhaus.de\\\/kias2\\\/personliches\\\/eltern-kind-initiative\\\/\",\"name\":\"Kindergarten im alten Schulhaus e.V. &#8211; Eltern-Kind-Initiative\",\"isPartOf\":{\"@id\":\"https:\\\/\\\/kiga-im-alten-schulhaus.de\\\/kias2\\\/#website\"},\"primaryImageOfPage\":{\"@id\":\"https:\\\/\\\/kiga-im-alten-schulhaus.de\\\/kias2\\\/personliches\\\/eltern-kind-initiative\\\/#primaryimage\"},\"image\":{\"@id\":\"https:\\\/\\\/kiga-im-alten-schulhaus.de\\\/kias2\\\/personliches\\\/eltern-kind-initiative\\\/#primaryimage\"},\"thumbnailUrl\":\"http:\\\/\\\/kiga-im-alten-schulhaus.de\\\/kias2\\\/wp-content\\\/uploads\\\/2022\\\/09\\\/KINDERGARTEN_web_ulineumanncosel_51.jpg\",\"datePublished\":\"2017-03-08T17:45:37+00:00\",\"dateModified\":\"2026-03-13T13:52:33+00:00\",\"breadcrumb\":{\"@id\":\"https:\\\/\\\/kiga-im-alten-schulhaus.de\\\/kias2\\\/personliches\\\/eltern-kind-initiative\\\/#breadcrumb\"},\"inLanguage\":\"de\",\"potentialAction\":[{\"@type\":\"ReadAction\",\"target\":[\"https:\\\/\\\/kiga-im-alten-schulhaus.de\\\/kias2\\\/personliches\\\/eltern-kind-initiative\\\/\"]}]},{\"@type\":\"ImageObject\",\"inLanguage\":\"de\",\"@id\":\"https:\\\/\\\/kiga-im-alten-schulhaus.de\\\/kias2\\\/personliches\\\/eltern-kind-initiative\\\/#primaryimage\",\"url\":\"http:\\\/\\\/kiga-im-alten-schulhaus.de\\\/kias2\\\/wp-content\\\/uploads\\\/2022\\\/09\\\/KINDERGARTEN_web_ulineumanncosel_51.jpg\",\"contentUrl\":\"http:\\\/\\\/kiga-im-alten-schulhaus.de\\\/kias2\\\/wp-content\\\/uploads\\\/2022\\\/09\\\/KINDERGARTEN_web_ulineumanncosel_51.jpg\"},{\"@type\":\"BreadcrumbList\",\"@id\":\"https:\\\/\\\/kiga-im-alten-schulhaus.de\\\/kias2\\\/personliches\\\/eltern-kind-initiative\\\/#breadcrumb\",\"itemListElement\":[{\"@type\":\"ListItem\",\"position\":1,\"name\":\"Home\",\"item\":\"https:\\\/\\\/kiga-im-alten-schulhaus.de\\\/kias2\\\/\"},{\"@type\":\"ListItem\",\"position\":2,\"name\":\"\u00dcber uns\",\"item\":\"https:\\\/\\\/kiga-im-alten-schulhaus.de\\\/kias2\\\/personliches\\\/\"},{\"@type\":\"ListItem\",\"position\":3,\"name\":\"Eltern-Kind-Initiative\"}]},{\"@type\":\"WebSite\",\"@id\":\"https:\\\/\\\/kiga-im-alten-schulhaus.de\\\/kias2\\\/#website\",\"url\":\"https:\\\/\\\/kiga-im-alten-schulhaus.de\\\/kias2\\\/\",\"name\":\"Kindergarten im alten Schulhaus e.V.\",\"description\":\"\",\"publisher\":{\"@id\":\"https:\\\/\\\/kiga-im-alten-schulhaus.de\\\/kias2\\\/#organization\"},\"potentialAction\":[{\"@type\":\"SearchAction\",\"target\":{\"@type\":\"EntryPoint\",\"urlTemplate\":\"https:\\\/\\\/kiga-im-alten-schulhaus.de\\\/kias2\\\/?s={search_term_string}\"},\"query-input\":{\"@type\":\"PropertyValueSpecification\",\"valueRequired\":true,\"valueName\":\"search_term_string\"}}],\"inLanguage\":\"de\"},{\"@type\":\"Organization\",\"@id\":\"https:\\\/\\\/kiga-im-alten-schulhaus.de\\\/kias2\\\/#organization\",\"name\":\"Kindergarten im Alten Schulhaus e.V.\",\"url\":\"https:\\\/\\\/kiga-im-alten-schulhaus.de\\\/kias2\\\/\",\"logo\":{\"@type\":\"ImageObject\",\"inLanguage\":\"de\",\"@id\":\"https:\\\/\\\/kiga-im-alten-schulhaus.de\\\/kias2\\\/#\\\/schema\\\/logo\\\/image\\\/\",\"url\":\"http:\\\/\\\/kiga-im-alten-schulhaus.de\\\/kias2\\\/wp-content\\\/uploads\\\/2017\\\/03\\\/cropped-haus-1.jpg\",\"contentUrl\":\"http:\\\/\\\/kiga-im-alten-schulhaus.de\\\/kias2\\\/wp-content\\\/uploads\\\/2017\\\/03\\\/cropped-haus-1.jpg\",\"width\":512,\"height\":512,\"caption\":\"Kindergarten im Alten Schulhaus e.V.\"},\"image\":{\"@id\":\"https:\\\/\\\/kiga-im-alten-schulhaus.de\\\/kias2\\\/#\\\/schema\\\/logo\\\/image\\\/\"}}]}<\/script>\n<!-- \/ Yoast SEO plugin. -->","yoast_head_json":{"title":"Kindergarten im alten Schulhaus e.V. &#8211; Eltern-Kind-Initiative","robots":{"index":"index","follow":"follow","max-snippet":"max-snippet:-1","max-image-preview":"max-image-preview:large","max-video-preview":"max-video-preview:-1"},"canonical":"https:\/\/kiga-im-alten-schulhaus.de\/kias2\/personliches\/eltern-kind-initiative\/","og_locale":"de_DE","og_type":"article","og_title":"Kindergarten im alten Schulhaus e.V. &#8211; Eltern-Kind-Initiative","og_description":"Seit 1970 ist der Kindergarten im alten Schulhaus e.V. eine Eltern-Kind-Initiative. Unsere Eltern d\u00fcrfen sich aktiv am Kindergartenalltag beteiligen. Sie d\u00fcrfen vorschlagen, organisieren, nachfragen, mitspielen, abstimmen, kochen, vorbereiten, malern, feiern, singen, aufpassen und noch vieles mehr. Unser Kindergarten ist ein &hellip;","og_url":"https:\/\/kiga-im-alten-schulhaus.de\/kias2\/personliches\/eltern-kind-initiative\/","og_site_name":"Kindergarten im alten Schulhaus e.V.","article_modified_time":"2026-03-13T13:52:33+00:00","og_image":[{"url":"http:\/\/kiga-im-alten-schulhaus.de\/kias2\/wp-content\/uploads\/2022\/09\/KINDERGARTEN_web_ulineumanncosel_51.jpg","type":"","width":"","height":""}],"twitter_card":"summary_large_image","twitter_misc":{"Gesch\u00e4tzte Lesezeit":"2\u00a0Minuten"},"schema":{"@context":"https:\/\/schema.org","@graph":[{"@type":"WebPage","@id":"https:\/\/kiga-im-alten-schulhaus.de\/kias2\/personliches\/eltern-kind-initiative\/","url":"https:\/\/kiga-im-alten-schulhaus.de\/kias2\/personliches\/eltern-kind-initiative\/","name":"Kindergarten im alten Schulhaus e.V. &#8211; Eltern-Kind-Initiative","isPartOf":{"@id":"https:\/\/kiga-im-alten-schulhaus.de\/kias2\/#website"},"primaryImageOfPage":{"@id":"https:\/\/kiga-im-alten-schulhaus.de\/kias2\/personliches\/eltern-kind-initiative\/#primaryimage"},"image":{"@id":"https:\/\/kiga-im-alten-schulhaus.de\/kias2\/personliches\/eltern-kind-initiative\/#primaryimage"},"thumbnailUrl":"http:\/\/kiga-im-alten-schulhaus.de\/kias2\/wp-content\/uploads\/2022\/09\/KINDERGARTEN_web_ulineumanncosel_51.jpg","datePublished":"2017-03-08T17:45:37+00:00","dateModified":"2026-03-13T13:52:33+00:00","breadcrumb":{"@id":"https:\/\/kiga-im-alten-schulhaus.de\/kias2\/personliches\/eltern-kind-initiative\/#breadcrumb"},"inLanguage":"de","potentialAction":[{"@type":"ReadAction","target":["https:\/\/kiga-im-alten-schulhaus.de\/kias2\/personliches\/eltern-kind-initiative\/"]}]},{"@type":"ImageObject","inLanguage":"de","@id":"https:\/\/kiga-im-alten-schulhaus.de\/kias2\/personliches\/eltern-kind-initiative\/#primaryimage","url":"http:\/\/kiga-im-alten-schulhaus.de\/kias2\/wp-content\/uploads\/2022\/09\/KINDERGARTEN_web_ulineumanncosel_51.jpg","contentUrl":"http:\/\/kiga-im-alten-schulhaus.de\/kias2\/wp-content\/uploads\/2022\/09\/KINDERGARTEN_web_ulineumanncosel_51.jpg"},{"@type":"BreadcrumbList","@id":"https:\/\/kiga-im-alten-schulhaus.de\/kias2\/personliches\/eltern-kind-initiative\/#breadcrumb","itemListElement":[{"@type":"ListItem","position":1,"name":"Home","item":"https:\/\/kiga-im-alten-schulhaus.de\/kias2\/"},{"@type":"ListItem","position":2,"name":"\u00dcber uns","item":"https:\/\/kiga-im-alten-schulhaus.de\/kias2\/personliches\/"},{"@type":"ListItem","position":3,"name":"Eltern-Kind-Initiative"}]},{"@type":"WebSite","@id":"https:\/\/kiga-im-alten-schulhaus.de\/kias2\/#website","url":"https:\/\/kiga-im-alten-schulhaus.de\/kias2\/","name":"Kindergarten im alten Schulhaus e.V.","description":"","publisher":{"@id":"https:\/\/kiga-im-alten-schulhaus.de\/kias2\/#organization"},"potentialAction":[{"@type":"SearchAction","target":{"@type":"EntryPoint","urlTemplate":"https:\/\/kiga-im-alten-schulhaus.de\/kias2\/?s={search_term_string}"},"query-input":{"@type":"PropertyValueSpecification","valueRequired":true,"valueName":"search_term_string"}}],"inLanguage":"de"},{"@type":"Organization","@id":"https:\/\/kiga-im-alten-schulhaus.de\/kias2\/#organization","name":"Kindergarten im Alten Schulhaus e.V.","url":"https:\/\/kiga-im-alten-schulhaus.de\/kias2\/","logo":{"@type":"ImageObject","inLanguage":"de","@id":"https:\/\/kiga-im-alten-schulhaus.de\/kias2\/#\/schema\/logo\/image\/","url":"http:\/\/kiga-im-alten-schulhaus.de\/kias2\/wp-content\/uploads\/2017\/03\/cropped-haus-1.jpg","contentUrl":"http:\/\/kiga-im-alten-schulhaus.de\/kias2\/wp-content\/uploads\/2017\/03\/cropped-haus-1.jpg","width":512,"height":512,"caption":"Kindergarten im Alten Schulhaus e.V."},"image":{"@id":"https:\/\/kiga-im-alten-schulhaus.de\/kias2\/#\/schema\/logo\/image\/"}}]}},"_links":{"self":[{"href":"https:\/\/kiga-im-alten-schulhaus.de\/kias2\/wp-json\/wp\/v2\/pages\/131","targetHints":{"allow":["GET"]}}],"collection":[{"href":"https:\/\/kiga-im-alten-schulhaus.de\/kias2\/wp-json\/wp\/v2\/pages"}],"about":[{"href":"https:\/\/kiga-im-alten-schulhaus.de\/kias2\/wp-json\/wp\/v2\/types\/page"}],"author":[{"embeddable":true,"href":"https:\/\/kiga-im-alten-schulhaus.de\/kias2\/wp-json\/wp\/v2\/users\/11"}],"replies":[{"embeddable":true,"href":"https:\/\/kiga-im-alten-schulhaus.de\/kias2\/wp-json\/wp\/v2\/comments?post=131"}],"version-history":[{"count":13,"href":"https:\/\/kiga-im-alten-schulhaus.de\/kias2\/wp-json\/wp\/v2\/pages\/131\/revisions"}],"predecessor-version":[{"id":2338,"href":"https:\/\/kiga-im-alten-schulhaus.de\/kias2\/wp-json\/wp\/v2\/pages\/131\/revisions\/2338"}],"up":[{"embeddable":true,"href":"https:\/\/kiga-im-alten-schulhaus.de\/kias2\/wp-json\/wp\/v2\/pages\/127"}],"wp:attachment":[{"href":"https:\/\/kiga-im-alten-schulhaus.de\/kias2\/wp-json\/wp\/v2\/media?parent=131"}],"curies":[{"name":"wp","href":"https:\/\/api.w.org\/{rel}","templated":true}]}}