{"id":1926,"date":"2023-04-16T20:45:06","date_gmt":"2023-04-16T19:45:06","guid":{"rendered":"http:\/\/kiga-im-alten-schulhaus.de\/kias2\/?page_id=1926"},"modified":"2026-01-09T08:14:00","modified_gmt":"2026-01-09T07:14:00","slug":"raumkonzept","status":"publish","type":"page","link":"https:\/\/kiga-im-alten-schulhaus.de\/kias2\/konzept\/raumkonzept\/","title":{"rendered":"Raumkonzept"},"content":{"rendered":"<h2><strong><span style=\"color: #ff6600; font-size: 18pt;\">Der Rote Raum \u2013 Spielerestaurant<\/span><\/strong><\/h2>\n<p><img loading=\"lazy\" decoding=\"async\" class=\"size-medium wp-image-1899 alignright\" src=\"https:\/\/kiga-im-alten-schulhaus.de\/kias2\/wp-content\/uploads\/2023\/04\/Roter_Raum-300x200.jpg\" alt=\"\" width=\"300\" height=\"200\" srcset=\"https:\/\/kiga-im-alten-schulhaus.de\/kias2\/wp-content\/uploads\/2023\/04\/Roter_Raum-300x200.jpg 300w, https:\/\/kiga-im-alten-schulhaus.de\/kias2\/wp-content\/uploads\/2023\/04\/Roter_Raum.jpg 659w\" sizes=\"auto, (max-width: 300px) 100vw, 300px\" \/>Im roten Raum wird gefr\u00fchst\u00fcckt, zu Mittag gegessen und eine leckere Brotzeit verzehrt. Zwischendurch k\u00f6nnen sich die Kinder hier beim gemeinsamen Spielen mit Brettspielen etwas entspannen oder sich allein auf ein ruhiges Steck- oder Sortierspiel konzentrieren. Die Vorschulkinder d\u00fcrfen sich hier mit der Vorschulgruppe treffen und gemeinsam besprechen, was sie in ihrem letzten Kindergartenjahr noch erforschen, erkunden und erleben wollen.<\/p>\n<h2><\/h2>\n<p>&nbsp;<\/p>\n<h2><strong><span style=\"color: #ff6600; font-size: 18pt;\">Der Blaue Raum \u2013 Bewegungsraum<\/span><\/strong><\/h2>\n<p>Im blauen Raum k\u00f6nnen sich die Kinder so richtig austoben, Parcours und H\u00f6hlen bauen ode<img loading=\"lazy\" decoding=\"async\" class=\"wp-image-2301 size-medium alignright\" src=\"https:\/\/kiga-im-alten-schulhaus.de\/kias2\/wp-content\/uploads\/2025\/09\/blauer-Raum-300x154.jpg\" alt=\"\" width=\"300\" height=\"154\" srcset=\"https:\/\/kiga-im-alten-schulhaus.de\/kias2\/wp-content\/uploads\/2025\/09\/blauer-Raum-300x154.jpg 300w, https:\/\/kiga-im-alten-schulhaus.de\/kias2\/wp-content\/uploads\/2025\/09\/blauer-Raum-1024x527.jpg 1024w, https:\/\/kiga-im-alten-schulhaus.de\/kias2\/wp-content\/uploads\/2025\/09\/blauer-Raum-768x395.jpg 768w, https:\/\/kiga-im-alten-schulhaus.de\/kias2\/wp-content\/uploads\/2025\/09\/blauer-Raum-1536x791.jpg 1536w, https:\/\/kiga-im-alten-schulhaus.de\/kias2\/wp-content\/uploads\/2025\/09\/blauer-Raum-2048x1054.jpg 2048w\" sizes=\"auto, (max-width: 300px) 100vw, 300px\" \/>r sich auf die Hochebene zur\u00fcckziehen, um anschlie\u00dfend von ihr herunter zu rutschen. Im w\u00f6chentlichen Yoga-Kurs und Kindertanz haben die Kinder hier zus\u00e4tzlich die M\u00f6glichkeit, neue und unbekannte Bewegungsformen zu entdecken.<\/p>\n<p>&nbsp;<\/p>\n<p>&nbsp;<\/p>\n<p>&nbsp;<\/p>\n<p><strong><span style=\"color: #ff6600; font-size: 18pt;\">Der gelbe Raum \u2013 Kinderbibliothek<\/span><\/strong><\/p>\n<p><img loading=\"lazy\" decoding=\"async\" class=\"wp-image-2125 size-medium alignright\" src=\"https:\/\/kiga-im-alten-schulhaus.de\/kias2\/wp-content\/uploads\/2024\/10\/Gelber-Raum-neu-300x191.jpg\" alt=\"\" width=\"300\" height=\"191\" srcset=\"https:\/\/kiga-im-alten-schulhaus.de\/kias2\/wp-content\/uploads\/2024\/10\/Gelber-Raum-neu-300x191.jpg 300w, https:\/\/kiga-im-alten-schulhaus.de\/kias2\/wp-content\/uploads\/2024\/10\/Gelber-Raum-neu-768x489.jpg 768w, https:\/\/kiga-im-alten-schulhaus.de\/kias2\/wp-content\/uploads\/2024\/10\/Gelber-Raum-neu.jpg 945w\" sizes=\"auto, (max-width: 300px) 100vw, 300px\" \/>Mit dem gelben Raum finden die Kinder einen weiteren Ort, in dem sie sich entspannen k\u00f6nnen. Dabei spielt es keine Rolle, ob sie dies bei einer Bilderbuchbetrachtung, beim Zuh\u00f6ren einer Geschichte oder beim Bauen und Konstruieren mit Lego und Holzbausteinen tun. Die Sprache und Fantasie der Kinder werden hier nebenbei und in einer ruhigen Atmosph\u00e4re gef\u00f6rdert.<\/p>\n<p>&nbsp;<\/p>\n<p>&nbsp;<\/p>\n<p>&nbsp;<\/p>\n<p><strong><span style=\"color: #ff6600; font-size: 18pt;\">Der gr\u00fcne Raum \u2013 Kreativraum<\/span><\/strong><\/p>\n<p><img loading=\"lazy\" decoding=\"async\" class=\"alignright wp-image-2302 size-medium\" src=\"https:\/\/kiga-im-alten-schulhaus.de\/kias2\/wp-content\/uploads\/2025\/09\/gruener-Raum-scaled-e1758795650802-300x138.jpg\" alt=\"\" width=\"300\" height=\"138\" srcset=\"https:\/\/kiga-im-alten-schulhaus.de\/kias2\/wp-content\/uploads\/2025\/09\/gruener-Raum-scaled-e1758795650802-300x138.jpg 300w, https:\/\/kiga-im-alten-schulhaus.de\/kias2\/wp-content\/uploads\/2025\/09\/gruener-Raum-scaled-e1758795650802-1024x470.jpg 1024w, https:\/\/kiga-im-alten-schulhaus.de\/kias2\/wp-content\/uploads\/2025\/09\/gruener-Raum-scaled-e1758795650802-768x353.jpg 768w, https:\/\/kiga-im-alten-schulhaus.de\/kias2\/wp-content\/uploads\/2025\/09\/gruener-Raum-scaled-e1758795650802-1536x705.jpg 1536w, https:\/\/kiga-im-alten-schulhaus.de\/kias2\/wp-content\/uploads\/2025\/09\/gruener-Raum-scaled-e1758795650802.jpg 1668w\" sizes=\"auto, (max-width: 300px) 100vw, 300px\" \/>Im gr\u00fcnen Raum k\u00f6nnen sich die Kinder mit unterschiedlichen Farben und Materialien ausprobieren und k\u00fcnstlerisch entfalten. Au\u00dferdem k\u00f6nnen sie den Umgang mit Scheren, Werkzeugen und sogar der N\u00e4hmaschine erlernen. Im Kaufladen oder auf der Hochebene k\u00f6nnen schon die allerkleinsten in die Rollen der Gro\u00dfen schl\u00fcpfen. Unterschiedliche Verkleidungen und Kinderschminke sind hierf\u00fcr fast immer im Einsatz.<\/p>\n<p>&nbsp;<\/p>\n<p>&nbsp;<\/p>\n<p><strong><span style=\"color: #ff6600; font-size: 18pt;\">Der Garten<\/span><\/strong><\/p>\n<p><img loading=\"lazy\" decoding=\"async\" class=\"wp-image-2129 size-medium alignright\" src=\"https:\/\/kiga-im-alten-schulhaus.de\/kias2\/wp-content\/uploads\/2024\/10\/Garten-neu-3-300x170.jpg\" alt=\"\" width=\"300\" height=\"170\" srcset=\"https:\/\/kiga-im-alten-schulhaus.de\/kias2\/wp-content\/uploads\/2024\/10\/Garten-neu-3-300x170.jpg 300w, https:\/\/kiga-im-alten-schulhaus.de\/kias2\/wp-content\/uploads\/2024\/10\/Garten-neu-3-1024x580.jpg 1024w, https:\/\/kiga-im-alten-schulhaus.de\/kias2\/wp-content\/uploads\/2024\/10\/Garten-neu-3-768x435.jpg 768w, https:\/\/kiga-im-alten-schulhaus.de\/kias2\/wp-content\/uploads\/2024\/10\/Garten-neu-3-1536x870.jpg 1536w, https:\/\/kiga-im-alten-schulhaus.de\/kias2\/wp-content\/uploads\/2024\/10\/Garten-neu-3-2048x1160.jpg 2048w, https:\/\/kiga-im-alten-schulhaus.de\/kias2\/wp-content\/uploads\/2024\/10\/Garten-neu-3-832x475.jpg 832w\" sizes=\"auto, (max-width: 300px) 100vw, 300px\" \/>Im Garten k\u00f6nnen die Kinder rutschen, schaukeln, im Sandkasten bauen und graben, den Barfu\u00dfpfad erkunden, in der Sonne liegen, fegen, Ballspiele spielen, Fahrzeug fahren, mit Wasser matschen, in Pf\u00fctzen springen und unsere Hochbeete best\u00fccken und pflegen. Im Sommer fr\u00fchst\u00fccken wir oft drau\u00dfen und nutzen die Tische und B\u00e4nke f\u00fcr kreatives Gestalten. Wenn es richtig warm ist, gibt es sogar Wasserspiele mit dem Gartenschlauch.<\/p>\n","protected":false},"excerpt":{"rendered":"<p>Der Rote Raum \u2013 Spielerestaurant Im roten Raum wird gefr\u00fchst\u00fcckt, zu Mittag gegessen und eine leckere Brotzeit verzehrt. Zwischendurch k\u00f6nnen sich die Kinder hier beim gemeinsamen Spielen mit Brettspielen etwas entspannen oder sich allein auf ein ruhiges Steck- oder Sortierspiel &hellip; <\/p>\n","protected":false},"author":11,"featured_media":0,"parent":40,"menu_order":0,"comment_status":"closed","ping_status":"closed","template":"","meta":{"footnotes":""},"class_list":["post-1926","page","type-page","status-publish","hentry"],"yoast_head":"<!-- This site is optimized with the Yoast SEO plugin v27.3 - https:\/\/yoast.com\/product\/yoast-seo-wordpress\/ -->\n<title>Kindergarten im alten Schulhaus e.V. &#8211; Raumkonzept<\/title>\n<meta name=\"robots\" content=\"index, follow, max-snippet:-1, max-image-preview:large, max-video-preview:-1\" \/>\n<link rel=\"canonical\" href=\"https:\/\/kiga-im-alten-schulhaus.de\/kias2\/konzept\/raumkonzept\/\" \/>\n<meta property=\"og:locale\" content=\"de_DE\" \/>\n<meta property=\"og:type\" content=\"article\" \/>\n<meta property=\"og:title\" content=\"Kindergarten im alten Schulhaus e.V. &#8211; Raumkonzept\" \/>\n<meta property=\"og:description\" content=\"Der Rote Raum \u2013 Spielerestaurant Im roten Raum wird gefr\u00fchst\u00fcckt, zu Mittag gegessen und eine leckere Brotzeit verzehrt. Zwischendurch k\u00f6nnen sich die Kinder hier beim gemeinsamen Spielen mit Brettspielen etwas entspannen oder sich allein auf ein ruhiges Steck- oder Sortierspiel &hellip;\" \/>\n<meta property=\"og:url\" content=\"https:\/\/kiga-im-alten-schulhaus.de\/kias2\/konzept\/raumkonzept\/\" \/>\n<meta property=\"og:site_name\" content=\"Kindergarten im alten Schulhaus e.V.\" \/>\n<meta property=\"article:modified_time\" content=\"2026-01-09T07:14:00+00:00\" \/>\n<meta property=\"og:image\" content=\"http:\/\/kiga-im-alten-schulhaus.de\/kias2\/wp-content\/uploads\/2023\/04\/Roter_Raum-300x200.jpg\" \/>\n<meta name=\"twitter:card\" content=\"summary_large_image\" \/>\n<meta name=\"twitter:label1\" content=\"Gesch\u00e4tzte Lesezeit\" \/>\n\t<meta name=\"twitter:data1\" content=\"3\u00a0Minuten\" \/>\n<script type=\"application\/ld+json\" class=\"yoast-schema-graph\">{\"@context\":\"https:\\\/\\\/schema.org\",\"@graph\":[{\"@type\":\"WebPage\",\"@id\":\"https:\\\/\\\/kiga-im-alten-schulhaus.de\\\/kias2\\\/konzept\\\/raumkonzept\\\/\",\"url\":\"https:\\\/\\\/kiga-im-alten-schulhaus.de\\\/kias2\\\/konzept\\\/raumkonzept\\\/\",\"name\":\"Kindergarten im alten Schulhaus e.V. &#8211; Raumkonzept\",\"isPartOf\":{\"@id\":\"https:\\\/\\\/kiga-im-alten-schulhaus.de\\\/kias2\\\/#website\"},\"primaryImageOfPage\":{\"@id\":\"https:\\\/\\\/kiga-im-alten-schulhaus.de\\\/kias2\\\/konzept\\\/raumkonzept\\\/#primaryimage\"},\"image\":{\"@id\":\"https:\\\/\\\/kiga-im-alten-schulhaus.de\\\/kias2\\\/konzept\\\/raumkonzept\\\/#primaryimage\"},\"thumbnailUrl\":\"http:\\\/\\\/kiga-im-alten-schulhaus.de\\\/kias2\\\/wp-content\\\/uploads\\\/2023\\\/04\\\/Roter_Raum-300x200.jpg\",\"datePublished\":\"2023-04-16T19:45:06+00:00\",\"dateModified\":\"2026-01-09T07:14:00+00:00\",\"breadcrumb\":{\"@id\":\"https:\\\/\\\/kiga-im-alten-schulhaus.de\\\/kias2\\\/konzept\\\/raumkonzept\\\/#breadcrumb\"},\"inLanguage\":\"de\",\"potentialAction\":[{\"@type\":\"ReadAction\",\"target\":[\"https:\\\/\\\/kiga-im-alten-schulhaus.de\\\/kias2\\\/konzept\\\/raumkonzept\\\/\"]}]},{\"@type\":\"ImageObject\",\"inLanguage\":\"de\",\"@id\":\"https:\\\/\\\/kiga-im-alten-schulhaus.de\\\/kias2\\\/konzept\\\/raumkonzept\\\/#primaryimage\",\"url\":\"http:\\\/\\\/kiga-im-alten-schulhaus.de\\\/kias2\\\/wp-content\\\/uploads\\\/2023\\\/04\\\/Roter_Raum-300x200.jpg\",\"contentUrl\":\"http:\\\/\\\/kiga-im-alten-schulhaus.de\\\/kias2\\\/wp-content\\\/uploads\\\/2023\\\/04\\\/Roter_Raum-300x200.jpg\"},{\"@type\":\"BreadcrumbList\",\"@id\":\"https:\\\/\\\/kiga-im-alten-schulhaus.de\\\/kias2\\\/konzept\\\/raumkonzept\\\/#breadcrumb\",\"itemListElement\":[{\"@type\":\"ListItem\",\"position\":1,\"name\":\"Home\",\"item\":\"https:\\\/\\\/kiga-im-alten-schulhaus.de\\\/kias2\\\/\"},{\"@type\":\"ListItem\",\"position\":2,\"name\":\"Konzept\",\"item\":\"https:\\\/\\\/kiga-im-alten-schulhaus.de\\\/kias2\\\/konzept\\\/\"},{\"@type\":\"ListItem\",\"position\":3,\"name\":\"Raumkonzept\"}]},{\"@type\":\"WebSite\",\"@id\":\"https:\\\/\\\/kiga-im-alten-schulhaus.de\\\/kias2\\\/#website\",\"url\":\"https:\\\/\\\/kiga-im-alten-schulhaus.de\\\/kias2\\\/\",\"name\":\"Kindergarten im alten Schulhaus e.V.\",\"description\":\"\",\"publisher\":{\"@id\":\"https:\\\/\\\/kiga-im-alten-schulhaus.de\\\/kias2\\\/#organization\"},\"potentialAction\":[{\"@type\":\"SearchAction\",\"target\":{\"@type\":\"EntryPoint\",\"urlTemplate\":\"https:\\\/\\\/kiga-im-alten-schulhaus.de\\\/kias2\\\/?s={search_term_string}\"},\"query-input\":{\"@type\":\"PropertyValueSpecification\",\"valueRequired\":true,\"valueName\":\"search_term_string\"}}],\"inLanguage\":\"de\"},{\"@type\":\"Organization\",\"@id\":\"https:\\\/\\\/kiga-im-alten-schulhaus.de\\\/kias2\\\/#organization\",\"name\":\"Kindergarten im Alten Schulhaus e.V.\",\"url\":\"https:\\\/\\\/kiga-im-alten-schulhaus.de\\\/kias2\\\/\",\"logo\":{\"@type\":\"ImageObject\",\"inLanguage\":\"de\",\"@id\":\"https:\\\/\\\/kiga-im-alten-schulhaus.de\\\/kias2\\\/#\\\/schema\\\/logo\\\/image\\\/\",\"url\":\"http:\\\/\\\/kiga-im-alten-schulhaus.de\\\/kias2\\\/wp-content\\\/uploads\\\/2017\\\/03\\\/cropped-haus-1.jpg\",\"contentUrl\":\"http:\\\/\\\/kiga-im-alten-schulhaus.de\\\/kias2\\\/wp-content\\\/uploads\\\/2017\\\/03\\\/cropped-haus-1.jpg\",\"width\":512,\"height\":512,\"caption\":\"Kindergarten im Alten Schulhaus e.V.\"},\"image\":{\"@id\":\"https:\\\/\\\/kiga-im-alten-schulhaus.de\\\/kias2\\\/#\\\/schema\\\/logo\\\/image\\\/\"}}]}<\/script>\n<!-- \/ Yoast SEO plugin. -->","yoast_head_json":{"title":"Kindergarten im alten Schulhaus e.V. &#8211; Raumkonzept","robots":{"index":"index","follow":"follow","max-snippet":"max-snippet:-1","max-image-preview":"max-image-preview:large","max-video-preview":"max-video-preview:-1"},"canonical":"https:\/\/kiga-im-alten-schulhaus.de\/kias2\/konzept\/raumkonzept\/","og_locale":"de_DE","og_type":"article","og_title":"Kindergarten im alten Schulhaus e.V. &#8211; Raumkonzept","og_description":"Der Rote Raum \u2013 Spielerestaurant Im roten Raum wird gefr\u00fchst\u00fcckt, zu Mittag gegessen und eine leckere Brotzeit verzehrt. Zwischendurch k\u00f6nnen sich die Kinder hier beim gemeinsamen Spielen mit Brettspielen etwas entspannen oder sich allein auf ein ruhiges Steck- oder Sortierspiel &hellip;","og_url":"https:\/\/kiga-im-alten-schulhaus.de\/kias2\/konzept\/raumkonzept\/","og_site_name":"Kindergarten im alten Schulhaus e.V.","article_modified_time":"2026-01-09T07:14:00+00:00","og_image":[{"url":"http:\/\/kiga-im-alten-schulhaus.de\/kias2\/wp-content\/uploads\/2023\/04\/Roter_Raum-300x200.jpg","type":"","width":"","height":""}],"twitter_card":"summary_large_image","twitter_misc":{"Gesch\u00e4tzte Lesezeit":"3\u00a0Minuten"},"schema":{"@context":"https:\/\/schema.org","@graph":[{"@type":"WebPage","@id":"https:\/\/kiga-im-alten-schulhaus.de\/kias2\/konzept\/raumkonzept\/","url":"https:\/\/kiga-im-alten-schulhaus.de\/kias2\/konzept\/raumkonzept\/","name":"Kindergarten im alten Schulhaus e.V. &#8211; Raumkonzept","isPartOf":{"@id":"https:\/\/kiga-im-alten-schulhaus.de\/kias2\/#website"},"primaryImageOfPage":{"@id":"https:\/\/kiga-im-alten-schulhaus.de\/kias2\/konzept\/raumkonzept\/#primaryimage"},"image":{"@id":"https:\/\/kiga-im-alten-schulhaus.de\/kias2\/konzept\/raumkonzept\/#primaryimage"},"thumbnailUrl":"http:\/\/kiga-im-alten-schulhaus.de\/kias2\/wp-content\/uploads\/2023\/04\/Roter_Raum-300x200.jpg","datePublished":"2023-04-16T19:45:06+00:00","dateModified":"2026-01-09T07:14:00+00:00","breadcrumb":{"@id":"https:\/\/kiga-im-alten-schulhaus.de\/kias2\/konzept\/raumkonzept\/#breadcrumb"},"inLanguage":"de","potentialAction":[{"@type":"ReadAction","target":["https:\/\/kiga-im-alten-schulhaus.de\/kias2\/konzept\/raumkonzept\/"]}]},{"@type":"ImageObject","inLanguage":"de","@id":"https:\/\/kiga-im-alten-schulhaus.de\/kias2\/konzept\/raumkonzept\/#primaryimage","url":"http:\/\/kiga-im-alten-schulhaus.de\/kias2\/wp-content\/uploads\/2023\/04\/Roter_Raum-300x200.jpg","contentUrl":"http:\/\/kiga-im-alten-schulhaus.de\/kias2\/wp-content\/uploads\/2023\/04\/Roter_Raum-300x200.jpg"},{"@type":"BreadcrumbList","@id":"https:\/\/kiga-im-alten-schulhaus.de\/kias2\/konzept\/raumkonzept\/#breadcrumb","itemListElement":[{"@type":"ListItem","position":1,"name":"Home","item":"https:\/\/kiga-im-alten-schulhaus.de\/kias2\/"},{"@type":"ListItem","position":2,"name":"Konzept","item":"https:\/\/kiga-im-alten-schulhaus.de\/kias2\/konzept\/"},{"@type":"ListItem","position":3,"name":"Raumkonzept"}]},{"@type":"WebSite","@id":"https:\/\/kiga-im-alten-schulhaus.de\/kias2\/#website","url":"https:\/\/kiga-im-alten-schulhaus.de\/kias2\/","name":"Kindergarten im alten Schulhaus e.V.","description":"","publisher":{"@id":"https:\/\/kiga-im-alten-schulhaus.de\/kias2\/#organization"},"potentialAction":[{"@type":"SearchAction","target":{"@type":"EntryPoint","urlTemplate":"https:\/\/kiga-im-alten-schulhaus.de\/kias2\/?s={search_term_string}"},"query-input":{"@type":"PropertyValueSpecification","valueRequired":true,"valueName":"search_term_string"}}],"inLanguage":"de"},{"@type":"Organization","@id":"https:\/\/kiga-im-alten-schulhaus.de\/kias2\/#organization","name":"Kindergarten im Alten Schulhaus e.V.","url":"https:\/\/kiga-im-alten-schulhaus.de\/kias2\/","logo":{"@type":"ImageObject","inLanguage":"de","@id":"https:\/\/kiga-im-alten-schulhaus.de\/kias2\/#\/schema\/logo\/image\/","url":"http:\/\/kiga-im-alten-schulhaus.de\/kias2\/wp-content\/uploads\/2017\/03\/cropped-haus-1.jpg","contentUrl":"http:\/\/kiga-im-alten-schulhaus.de\/kias2\/wp-content\/uploads\/2017\/03\/cropped-haus-1.jpg","width":512,"height":512,"caption":"Kindergarten im Alten Schulhaus e.V."},"image":{"@id":"https:\/\/kiga-im-alten-schulhaus.de\/kias2\/#\/schema\/logo\/image\/"}}]}},"_links":{"self":[{"href":"https:\/\/kiga-im-alten-schulhaus.de\/kias2\/wp-json\/wp\/v2\/pages\/1926","targetHints":{"allow":["GET"]}}],"collection":[{"href":"https:\/\/kiga-im-alten-schulhaus.de\/kias2\/wp-json\/wp\/v2\/pages"}],"about":[{"href":"https:\/\/kiga-im-alten-schulhaus.de\/kias2\/wp-json\/wp\/v2\/types\/page"}],"author":[{"embeddable":true,"href":"https:\/\/kiga-im-alten-schulhaus.de\/kias2\/wp-json\/wp\/v2\/users\/11"}],"replies":[{"embeddable":true,"href":"https:\/\/kiga-im-alten-schulhaus.de\/kias2\/wp-json\/wp\/v2\/comments?post=1926"}],"version-history":[{"count":10,"href":"https:\/\/kiga-im-alten-schulhaus.de\/kias2\/wp-json\/wp\/v2\/pages\/1926\/revisions"}],"predecessor-version":[{"id":2303,"href":"https:\/\/kiga-im-alten-schulhaus.de\/kias2\/wp-json\/wp\/v2\/pages\/1926\/revisions\/2303"}],"up":[{"embeddable":true,"href":"https:\/\/kiga-im-alten-schulhaus.de\/kias2\/wp-json\/wp\/v2\/pages\/40"}],"wp:attachment":[{"href":"https:\/\/kiga-im-alten-schulhaus.de\/kias2\/wp-json\/wp\/v2\/media?parent=1926"}],"curies":[{"name":"wp","href":"https:\/\/api.w.org\/{rel}","templated":true}]}}