{"id":2012,"date":"2023-04-23T21:41:21","date_gmt":"2023-04-23T20:41:21","guid":{"rendered":"http:\/\/kiga-im-alten-schulhaus.de\/kias2\/?page_id=2012"},"modified":"2023-04-23T21:54:59","modified_gmt":"2023-04-23T20:54:59","slug":"ernaehrung","status":"publish","type":"page","link":"https:\/\/kiga-im-alten-schulhaus.de\/kias2\/konzept\/ernaehrung\/","title":{"rendered":"Ern\u00e4hrung"},"content":{"rendered":"<p>Die Kinder bekommen t\u00e4glich Fr\u00fchst\u00fcck (9:00-9:45 Uhr), Mittagessen (11:00-13:00 Uhr) und Brotzeit (15:00- 15:30 Uhr). Wir achten dabei auf eine ausgewogene und kindgerechte Ern\u00e4hrung sowie auf Qualit\u00e4t und Herkunft der Lebensmittel. Wir verwenden regionale Bioprodukte und reichen t\u00e4glich frisches Obst und Gem\u00fcse. Das Mittagessen bekommen wir t\u00e4glich frisch von dem Caterer <strong><span style=\"color: #ff6600;\"><a style=\"color: #ff6600;\" href=\"https:\/\/mybioco.de\/bio-catering-muenchen-partyservice-lieferservice\/kinderessen-und-bio-catering-fuer-kinder\/?gclid=EAIaIQobChMIs9j_9uzA_gIVBr53Ch0HegHeEAAYASAAEgLgWvD_BwE\" target=\"_blank\" rel=\"noopener\">mybioco<\/a><\/span><\/strong> geliefert, der ausschlie\u00dflich regionale Bioprodukte verwendet. Das Fr\u00fchst\u00fcck wird von unserem Elterndienst, die Brotzeit von unserer Hauswirtschaftskraft zubereitet.<\/p>\n<p><img loading=\"lazy\" decoding=\"async\" class=\"alignnone size-full wp-image-1636\" src=\"https:\/\/kiga-im-alten-schulhaus.de\/kias2\/wp-content\/uploads\/2022\/09\/KINDERGARTEN_web_ulineumanncosel_23.jpg\" alt=\"\" width=\"2048\" height=\"1365\" srcset=\"https:\/\/kiga-im-alten-schulhaus.de\/kias2\/wp-content\/uploads\/2022\/09\/KINDERGARTEN_web_ulineumanncosel_23.jpg 2048w, https:\/\/kiga-im-alten-schulhaus.de\/kias2\/wp-content\/uploads\/2022\/09\/KINDERGARTEN_web_ulineumanncosel_23-300x200.jpg 300w, https:\/\/kiga-im-alten-schulhaus.de\/kias2\/wp-content\/uploads\/2022\/09\/KINDERGARTEN_web_ulineumanncosel_23-1024x683.jpg 1024w, https:\/\/kiga-im-alten-schulhaus.de\/kias2\/wp-content\/uploads\/2022\/09\/KINDERGARTEN_web_ulineumanncosel_23-768x512.jpg 768w, https:\/\/kiga-im-alten-schulhaus.de\/kias2\/wp-content\/uploads\/2022\/09\/KINDERGARTEN_web_ulineumanncosel_23-1536x1024.jpg 1536w\" sizes=\"auto, (max-width: 2048px) 100vw, 2048px\" \/><\/p>\n<p>Wichtig f\u00fcr uns ist, dass jedes Kind selbst entscheiden kann, wann und was es essen m\u00f6chte. Mittag gegessen wird deshalb in drei Gruppen, in die sich die Kinder t\u00e4glich selbst nach individuellem Hunger einteilen.<\/p>\n<p>&nbsp;<\/p>\n<p>&nbsp;<\/p>\n<p>&nbsp;<\/p>\n","protected":false},"excerpt":{"rendered":"<p>Die Kinder bekommen t\u00e4glich Fr\u00fchst\u00fcck (9:00-9:45 Uhr), Mittagessen (11:00-13:00 Uhr) und Brotzeit (15:00- 15:30 Uhr). Wir achten dabei auf eine ausgewogene und kindgerechte Ern\u00e4hrung sowie auf Qualit\u00e4t und Herkunft der Lebensmittel. Wir verwenden regionale Bioprodukte und reichen t\u00e4glich frisches Obst &hellip; <\/p>\n","protected":false},"author":9,"featured_media":0,"parent":40,"menu_order":0,"comment_status":"closed","ping_status":"closed","template":"","meta":{"footnotes":""},"class_list":["post-2012","page","type-page","status-publish","hentry"],"yoast_head":"<!-- This site is optimized with the Yoast SEO plugin v27.5 - https:\/\/yoast.com\/product\/yoast-seo-wordpress\/ -->\n<title>Kindergarten im alten Schulhaus e.V. &#8211; Ern\u00e4hrung<\/title>\n<meta name=\"robots\" content=\"index, follow, max-snippet:-1, max-image-preview:large, max-video-preview:-1\" \/>\n<link rel=\"canonical\" href=\"https:\/\/kiga-im-alten-schulhaus.de\/kias2\/konzept\/ernaehrung\/\" \/>\n<meta property=\"og:locale\" content=\"de_DE\" \/>\n<meta property=\"og:type\" content=\"article\" \/>\n<meta property=\"og:title\" content=\"Kindergarten im alten Schulhaus e.V. &#8211; Ern\u00e4hrung\" \/>\n<meta property=\"og:description\" content=\"Die Kinder bekommen t\u00e4glich Fr\u00fchst\u00fcck (9:00-9:45 Uhr), Mittagessen (11:00-13:00 Uhr) und Brotzeit (15:00- 15:30 Uhr). Wir achten dabei auf eine ausgewogene und kindgerechte Ern\u00e4hrung sowie auf Qualit\u00e4t und Herkunft der Lebensmittel. Wir verwenden regionale Bioprodukte und reichen t\u00e4glich frisches Obst &hellip;\" \/>\n<meta property=\"og:url\" content=\"https:\/\/kiga-im-alten-schulhaus.de\/kias2\/konzept\/ernaehrung\/\" \/>\n<meta property=\"og:site_name\" content=\"Kindergarten im alten Schulhaus e.V.\" \/>\n<meta property=\"article:modified_time\" content=\"2023-04-23T20:54:59+00:00\" \/>\n<meta property=\"og:image\" content=\"http:\/\/kiga-im-alten-schulhaus.de\/kias2\/wp-content\/uploads\/2022\/09\/KINDERGARTEN_web_ulineumanncosel_23.jpg\" \/>\n<meta name=\"twitter:card\" content=\"summary_large_image\" \/>\n<meta name=\"twitter:label1\" content=\"Gesch\u00e4tzte Lesezeit\" \/>\n\t<meta name=\"twitter:data1\" content=\"1\u00a0Minute\" \/>\n<script type=\"application\/ld+json\" class=\"yoast-schema-graph\">{\"@context\":\"https:\\\/\\\/schema.org\",\"@graph\":[{\"@type\":\"WebPage\",\"@id\":\"https:\\\/\\\/kiga-im-alten-schulhaus.de\\\/kias2\\\/konzept\\\/ernaehrung\\\/\",\"url\":\"https:\\\/\\\/kiga-im-alten-schulhaus.de\\\/kias2\\\/konzept\\\/ernaehrung\\\/\",\"name\":\"Kindergarten im alten Schulhaus e.V. &#8211; Ern\u00e4hrung\",\"isPartOf\":{\"@id\":\"https:\\\/\\\/kiga-im-alten-schulhaus.de\\\/kias2\\\/#website\"},\"primaryImageOfPage\":{\"@id\":\"https:\\\/\\\/kiga-im-alten-schulhaus.de\\\/kias2\\\/konzept\\\/ernaehrung\\\/#primaryimage\"},\"image\":{\"@id\":\"https:\\\/\\\/kiga-im-alten-schulhaus.de\\\/kias2\\\/konzept\\\/ernaehrung\\\/#primaryimage\"},\"thumbnailUrl\":\"http:\\\/\\\/kiga-im-alten-schulhaus.de\\\/kias2\\\/wp-content\\\/uploads\\\/2022\\\/09\\\/KINDERGARTEN_web_ulineumanncosel_23.jpg\",\"datePublished\":\"2023-04-23T20:41:21+00:00\",\"dateModified\":\"2023-04-23T20:54:59+00:00\",\"breadcrumb\":{\"@id\":\"https:\\\/\\\/kiga-im-alten-schulhaus.de\\\/kias2\\\/konzept\\\/ernaehrung\\\/#breadcrumb\"},\"inLanguage\":\"de\",\"potentialAction\":[{\"@type\":\"ReadAction\",\"target\":[\"https:\\\/\\\/kiga-im-alten-schulhaus.de\\\/kias2\\\/konzept\\\/ernaehrung\\\/\"]}]},{\"@type\":\"ImageObject\",\"inLanguage\":\"de\",\"@id\":\"https:\\\/\\\/kiga-im-alten-schulhaus.de\\\/kias2\\\/konzept\\\/ernaehrung\\\/#primaryimage\",\"url\":\"https:\\\/\\\/kiga-im-alten-schulhaus.de\\\/kias2\\\/wp-content\\\/uploads\\\/2022\\\/09\\\/KINDERGARTEN_web_ulineumanncosel_23.jpg\",\"contentUrl\":\"https:\\\/\\\/kiga-im-alten-schulhaus.de\\\/kias2\\\/wp-content\\\/uploads\\\/2022\\\/09\\\/KINDERGARTEN_web_ulineumanncosel_23.jpg\",\"width\":2048,\"height\":1365},{\"@type\":\"BreadcrumbList\",\"@id\":\"https:\\\/\\\/kiga-im-alten-schulhaus.de\\\/kias2\\\/konzept\\\/ernaehrung\\\/#breadcrumb\",\"itemListElement\":[{\"@type\":\"ListItem\",\"position\":1,\"name\":\"Home\",\"item\":\"https:\\\/\\\/kiga-im-alten-schulhaus.de\\\/kias2\\\/\"},{\"@type\":\"ListItem\",\"position\":2,\"name\":\"Konzept\",\"item\":\"https:\\\/\\\/kiga-im-alten-schulhaus.de\\\/kias2\\\/konzept\\\/\"},{\"@type\":\"ListItem\",\"position\":3,\"name\":\"Ern\u00e4hrung\"}]},{\"@type\":\"WebSite\",\"@id\":\"https:\\\/\\\/kiga-im-alten-schulhaus.de\\\/kias2\\\/#website\",\"url\":\"https:\\\/\\\/kiga-im-alten-schulhaus.de\\\/kias2\\\/\",\"name\":\"Kindergarten im alten Schulhaus e.V.\",\"description\":\"\",\"publisher\":{\"@id\":\"https:\\\/\\\/kiga-im-alten-schulhaus.de\\\/kias2\\\/#organization\"},\"potentialAction\":[{\"@type\":\"SearchAction\",\"target\":{\"@type\":\"EntryPoint\",\"urlTemplate\":\"https:\\\/\\\/kiga-im-alten-schulhaus.de\\\/kias2\\\/?s={search_term_string}\"},\"query-input\":{\"@type\":\"PropertyValueSpecification\",\"valueRequired\":true,\"valueName\":\"search_term_string\"}}],\"inLanguage\":\"de\"},{\"@type\":\"Organization\",\"@id\":\"https:\\\/\\\/kiga-im-alten-schulhaus.de\\\/kias2\\\/#organization\",\"name\":\"Kindergarten im Alten Schulhaus e.V.\",\"url\":\"https:\\\/\\\/kiga-im-alten-schulhaus.de\\\/kias2\\\/\",\"logo\":{\"@type\":\"ImageObject\",\"inLanguage\":\"de\",\"@id\":\"https:\\\/\\\/kiga-im-alten-schulhaus.de\\\/kias2\\\/#\\\/schema\\\/logo\\\/image\\\/\",\"url\":\"http:\\\/\\\/kiga-im-alten-schulhaus.de\\\/kias2\\\/wp-content\\\/uploads\\\/2017\\\/03\\\/cropped-haus-1.jpg\",\"contentUrl\":\"http:\\\/\\\/kiga-im-alten-schulhaus.de\\\/kias2\\\/wp-content\\\/uploads\\\/2017\\\/03\\\/cropped-haus-1.jpg\",\"width\":512,\"height\":512,\"caption\":\"Kindergarten im Alten Schulhaus e.V.\"},\"image\":{\"@id\":\"https:\\\/\\\/kiga-im-alten-schulhaus.de\\\/kias2\\\/#\\\/schema\\\/logo\\\/image\\\/\"}}]}<\/script>\n<!-- \/ Yoast SEO plugin. -->","yoast_head_json":{"title":"Kindergarten im alten Schulhaus e.V. &#8211; Ern\u00e4hrung","robots":{"index":"index","follow":"follow","max-snippet":"max-snippet:-1","max-image-preview":"max-image-preview:large","max-video-preview":"max-video-preview:-1"},"canonical":"https:\/\/kiga-im-alten-schulhaus.de\/kias2\/konzept\/ernaehrung\/","og_locale":"de_DE","og_type":"article","og_title":"Kindergarten im alten Schulhaus e.V. &#8211; Ern\u00e4hrung","og_description":"Die Kinder bekommen t\u00e4glich Fr\u00fchst\u00fcck (9:00-9:45 Uhr), Mittagessen (11:00-13:00 Uhr) und Brotzeit (15:00- 15:30 Uhr). Wir achten dabei auf eine ausgewogene und kindgerechte Ern\u00e4hrung sowie auf Qualit\u00e4t und Herkunft der Lebensmittel. Wir verwenden regionale Bioprodukte und reichen t\u00e4glich frisches Obst &hellip;","og_url":"https:\/\/kiga-im-alten-schulhaus.de\/kias2\/konzept\/ernaehrung\/","og_site_name":"Kindergarten im alten Schulhaus e.V.","article_modified_time":"2023-04-23T20:54:59+00:00","og_image":[{"url":"http:\/\/kiga-im-alten-schulhaus.de\/kias2\/wp-content\/uploads\/2022\/09\/KINDERGARTEN_web_ulineumanncosel_23.jpg","type":"","width":"","height":""}],"twitter_card":"summary_large_image","twitter_misc":{"Gesch\u00e4tzte Lesezeit":"1\u00a0Minute"},"schema":{"@context":"https:\/\/schema.org","@graph":[{"@type":"WebPage","@id":"https:\/\/kiga-im-alten-schulhaus.de\/kias2\/konzept\/ernaehrung\/","url":"https:\/\/kiga-im-alten-schulhaus.de\/kias2\/konzept\/ernaehrung\/","name":"Kindergarten im alten Schulhaus e.V. &#8211; Ern\u00e4hrung","isPartOf":{"@id":"https:\/\/kiga-im-alten-schulhaus.de\/kias2\/#website"},"primaryImageOfPage":{"@id":"https:\/\/kiga-im-alten-schulhaus.de\/kias2\/konzept\/ernaehrung\/#primaryimage"},"image":{"@id":"https:\/\/kiga-im-alten-schulhaus.de\/kias2\/konzept\/ernaehrung\/#primaryimage"},"thumbnailUrl":"http:\/\/kiga-im-alten-schulhaus.de\/kias2\/wp-content\/uploads\/2022\/09\/KINDERGARTEN_web_ulineumanncosel_23.jpg","datePublished":"2023-04-23T20:41:21+00:00","dateModified":"2023-04-23T20:54:59+00:00","breadcrumb":{"@id":"https:\/\/kiga-im-alten-schulhaus.de\/kias2\/konzept\/ernaehrung\/#breadcrumb"},"inLanguage":"de","potentialAction":[{"@type":"ReadAction","target":["https:\/\/kiga-im-alten-schulhaus.de\/kias2\/konzept\/ernaehrung\/"]}]},{"@type":"ImageObject","inLanguage":"de","@id":"https:\/\/kiga-im-alten-schulhaus.de\/kias2\/konzept\/ernaehrung\/#primaryimage","url":"https:\/\/kiga-im-alten-schulhaus.de\/kias2\/wp-content\/uploads\/2022\/09\/KINDERGARTEN_web_ulineumanncosel_23.jpg","contentUrl":"https:\/\/kiga-im-alten-schulhaus.de\/kias2\/wp-content\/uploads\/2022\/09\/KINDERGARTEN_web_ulineumanncosel_23.jpg","width":2048,"height":1365},{"@type":"BreadcrumbList","@id":"https:\/\/kiga-im-alten-schulhaus.de\/kias2\/konzept\/ernaehrung\/#breadcrumb","itemListElement":[{"@type":"ListItem","position":1,"name":"Home","item":"https:\/\/kiga-im-alten-schulhaus.de\/kias2\/"},{"@type":"ListItem","position":2,"name":"Konzept","item":"https:\/\/kiga-im-alten-schulhaus.de\/kias2\/konzept\/"},{"@type":"ListItem","position":3,"name":"Ern\u00e4hrung"}]},{"@type":"WebSite","@id":"https:\/\/kiga-im-alten-schulhaus.de\/kias2\/#website","url":"https:\/\/kiga-im-alten-schulhaus.de\/kias2\/","name":"Kindergarten im alten Schulhaus e.V.","description":"","publisher":{"@id":"https:\/\/kiga-im-alten-schulhaus.de\/kias2\/#organization"},"potentialAction":[{"@type":"SearchAction","target":{"@type":"EntryPoint","urlTemplate":"https:\/\/kiga-im-alten-schulhaus.de\/kias2\/?s={search_term_string}"},"query-input":{"@type":"PropertyValueSpecification","valueRequired":true,"valueName":"search_term_string"}}],"inLanguage":"de"},{"@type":"Organization","@id":"https:\/\/kiga-im-alten-schulhaus.de\/kias2\/#organization","name":"Kindergarten im Alten Schulhaus e.V.","url":"https:\/\/kiga-im-alten-schulhaus.de\/kias2\/","logo":{"@type":"ImageObject","inLanguage":"de","@id":"https:\/\/kiga-im-alten-schulhaus.de\/kias2\/#\/schema\/logo\/image\/","url":"http:\/\/kiga-im-alten-schulhaus.de\/kias2\/wp-content\/uploads\/2017\/03\/cropped-haus-1.jpg","contentUrl":"http:\/\/kiga-im-alten-schulhaus.de\/kias2\/wp-content\/uploads\/2017\/03\/cropped-haus-1.jpg","width":512,"height":512,"caption":"Kindergarten im Alten Schulhaus e.V."},"image":{"@id":"https:\/\/kiga-im-alten-schulhaus.de\/kias2\/#\/schema\/logo\/image\/"}}]}},"_links":{"self":[{"href":"https:\/\/kiga-im-alten-schulhaus.de\/kias2\/wp-json\/wp\/v2\/pages\/2012","targetHints":{"allow":["GET"]}}],"collection":[{"href":"https:\/\/kiga-im-alten-schulhaus.de\/kias2\/wp-json\/wp\/v2\/pages"}],"about":[{"href":"https:\/\/kiga-im-alten-schulhaus.de\/kias2\/wp-json\/wp\/v2\/types\/page"}],"author":[{"embeddable":true,"href":"https:\/\/kiga-im-alten-schulhaus.de\/kias2\/wp-json\/wp\/v2\/users\/9"}],"replies":[{"embeddable":true,"href":"https:\/\/kiga-im-alten-schulhaus.de\/kias2\/wp-json\/wp\/v2\/comments?post=2012"}],"version-history":[{"count":3,"href":"https:\/\/kiga-im-alten-schulhaus.de\/kias2\/wp-json\/wp\/v2\/pages\/2012\/revisions"}],"predecessor-version":[{"id":2019,"href":"https:\/\/kiga-im-alten-schulhaus.de\/kias2\/wp-json\/wp\/v2\/pages\/2012\/revisions\/2019"}],"up":[{"embeddable":true,"href":"https:\/\/kiga-im-alten-schulhaus.de\/kias2\/wp-json\/wp\/v2\/pages\/40"}],"wp:attachment":[{"href":"https:\/\/kiga-im-alten-schulhaus.de\/kias2\/wp-json\/wp\/v2\/media?parent=2012"}],"curies":[{"name":"wp","href":"https:\/\/api.w.org\/{rel}","templated":true}]}}