{"id":2340,"date":"2026-03-20T14:22:44","date_gmt":"2026-03-20T13:22:44","guid":{"rendered":"https:\/\/kiga-im-alten-schulhaus.de\/kias2\/?page_id=2340"},"modified":"2026-03-20T14:30:56","modified_gmt":"2026-03-20T13:30:56","slug":"offene-position","status":"publish","type":"page","link":"https:\/\/kiga-im-alten-schulhaus.de\/kias2\/offene-position\/","title":{"rendered":"Offene Position"},"content":{"rendered":"<p><a href=\"https:\/\/kiga-im-alten-schulhaus.de\/kias2\/wp-content\/uploads\/2026\/03\/20260313_Stellenanzeige-Assistenzkraft.pdf\"><span style=\"font-size: 14pt;\"><strong>Assistenzkraft (m\/w\/d) \u2013 Kindergarten im Alten Schulhaus e.V.<\/strong><\/span><\/a><\/p>\n<p><strong>(Qualifikation als Tagespflegeperson (\u00a743 SGB VIII) oder Teilnahme an Modul 1 Block A wird vorausgesetzt)<\/strong><\/p>\n<p>&nbsp;<\/p>\n<p><strong>Arbeitszeit:<\/strong>\u00a0 \u00a0 \u00a0 \u00a0 \u00a0 Teilzeit \/ Vollzeit (ca. 20\u201338,5 Std.\/Woche, nach Absprache)<\/p>\n<p><strong>Arbeitsbeginn<\/strong>:\u00a0 \u00a0nach Vereinbarung<\/p>\n<p><strong>Tr\u00e4ger:<\/strong>\u00a0 \u00a0 \u00a0 \u00a0 \u00a0 \u00a0 \u00a0 \u00a0 \u00a0 Elterninitiative Kindergarten im Alten Schulhaus e.V.<\/p>\n<p><strong>Ort:<\/strong>\u00a0 \u00a0 \u00a0 \u00a0 \u00a0 \u00a0 \u00a0 \u00a0 \u00a0 \u00a0 \u00a0 \u00a0 \u00a0M\u00fcnchen\u2011Oberf\u00f6hring (Muspillistra\u00dfe 27, 81925 M\u00fcnchen)<\/p>\n<p>tempor\u00e4r bis Dez 2026 (Englschalkinger Stra\u00dfe 234, 81927 M\u00fcnchen)<\/p>\n<p>&nbsp;<\/p>\n<p><strong>\u00dcber uns<\/strong><\/p>\n<p>Wir sind M\u00fcnchens \u00e4lteste Elterninitiative (seit 1970) und befinden uns im \u00e4ltesten Schulhaus M\u00fcnchen-Nord aus dem Jahr 1821. In unserer liebevoll gestalteten \u201eVilla Kunterbunt\u201c spielen, toben und lachen 36 Kinder im Alter von 2,5 bis 6 Jahren. Unser Kindergarten ist ein \u201eHaus f\u00fcr uns alle\u201c, in dem Kinder, p\u00e4dagogische Fachkr\u00e4fte und Eltern mit ihrer jeweils einzigartigen Pers\u00f6nlichkeit willkommen sind und unser Haus gemeinsam pr\u00e4gen.<\/p>\n<p><strong>Was uns besonders macht<\/strong><\/p>\n<ul>\n<li>Beziehungsorientierte P\u00e4dagogik mit starkem Blick auf die individuellen Bed\u00fcrfnisse der Kinder<\/li>\n<li>Gro\u00dfer Garten direkt am Englischen Garten \u2013 t\u00e4gliche Bewegung und Natur geh\u00f6ren selbstverst\u00e4ndlich dazu<\/li>\n<li>Frisches Bio-Essen im Kiga-Alltag<\/li>\n<li>Ein offenes Gruppenkonzept, das Partizipation, Selbstst\u00e4ndigkeit und Freispiel erm\u00f6glicht<\/li>\n<\/ul>\n<p>Als Elterninitiative arbeiten wir eng und vertrauensvoll mit engagierten Eltern zusammen \u2013 gemeinsam gestalten wir einen Ort, an dem Kinder sich wohl, sicher und gesehen f\u00fchlen.<\/p>\n<p><strong>Deine Aufgaben<\/strong><\/p>\n<ul>\n<li>Unterst\u00fctzung der p\u00e4dagogischen Fachkr\u00e4fte im t\u00e4glichen Gruppengeschehen<\/li>\n<li>Begleitung der Kinder im Freispiel, bei Projekten und im offenen Konzept<\/li>\n<li>Mitwirkung bei Angeboten, kreativen Aktivit\u00e4ten und Bewegungsangeboten im Garten<\/li>\n<li>Unterst\u00fctzung bei allt\u00e4glichen Abl\u00e4ufen (Mahlzeiten, An- und Ausziehen, Ruhezeiten, Bring- und Abholsituationen)<\/li>\n<li>Schaffung eines liebevollen, sicheren und anregenden Umfelds<\/li>\n<li>Konstruktive Zusammenarbeit mit Eltern und Team<\/li>\n<li>Mitarbeit bei kleineren hauswirtschaftlichen und organisatorischen T\u00e4tigkeiten<\/li>\n<\/ul>\n<p><strong>Dein Profil<\/strong><\/p>\n<ul>\n<li>Freude an der Arbeit mit Kindern und Interesse an p\u00e4dagogischen Konzepten<\/li>\n<li>Qualifikation als Tagespflegeperson (\u00a743 SGB VIII) oder Teilnahme an Modul 1 Block A (160 UE) des Weiterbildungskonzepts f\u00fcr Kindertageseinrichtungen des StMAS (Modul 2 Block A mit zus\u00e4tzlicher 40-st\u00fcndiger Qualifizierung kann berufsbegleitend innerhalb des ersten Jahres erfolgen)<\/li>\n<li>Wertsch\u00e4tzende Haltung und Engagement f\u00fcr eine lebendige Elterninitiative<\/li>\n<li>Zuverl\u00e4ssigkeit, Empathie und Teamf\u00e4higkeit<\/li>\n<li>Offenheit f\u00fcr Mitgestaltung und Verantwortungs\u00fcbernahme<\/li>\n<li>Kreativit\u00e4t, Humor und Gelassenheit im Alltag mit Kindern<\/li>\n<\/ul>\n<p><strong>Wir bieten<\/strong><\/p>\n<ul>\n<li>Einen historisch einzigartigen Kindergarten mit besonderem Charme und gelebter Tradition<\/li>\n<li>Ein herzliches, motiviertes Team und aktive, unterst\u00fctzende Eltern<\/li>\n<li>Kleine Gruppen und viel Raum f\u00fcr eigene Ideen<\/li>\n<li>Ein p\u00e4dagogisches Umfeld, das Partizipation, Freispiel und Selbstst\u00e4ndigkeit f\u00f6rdert<\/li>\n<li>Faire Verg\u00fctung nach Vereinbarung<\/li>\n<li>M\u00f6glichkeit zu Fort- und Weiterbildungen<\/li>\n<li>Kurze Entscheidungswege und echtes Mitgestalten im Kindergartenalltag<\/li>\n<\/ul>\n<p>&nbsp;<\/p>\n<p>Kontaktiere uns direkt per E-Mail.<\/p>\n<p>Deine Ansprechpartnerin ist Mascha L\u00f6hner.<\/p>\n<p><a href=\"&#x6d;&#x61;&#x69;&#x6c;&#x74;&#x6f;&#x3a;&#x70;&#x65;&#x72;&#x73;&#111;&#110;&#97;&#108;&#64;&#107;&#105;ga-im-&#x61;&#x6c;&#x74;&#x65;&#x6e;&#x2d;&#x73;&#x63;&#x68;&#x75;&#x6c;&#x68;&#97;&#117;&#115;&#46;&#100;&#101;\"><strong>&#112;&#x65;&#114;&#x73;&#111;&#x6e;&#97;&#x6c;&#64;&#x6b;&#105;&#x67;&#97;&#x2d;&#105;&#x6d;&#45;&#x61;&#108;&#x74;&#101;&#x6e;&#45;&#x73;&#99;&#x68;u&#x6c;h&#x61;u&#x73;&#46;&#x64;e<\/strong><\/a><\/p>\n","protected":false},"excerpt":{"rendered":"<p>Assistenzkraft (m\/w\/d) \u2013 Kindergarten im Alten Schulhaus e.V. (Qualifikation als Tagespflegeperson (\u00a743 SGB VIII) oder Teilnahme an Modul 1 Block A wird vorausgesetzt) &nbsp; Arbeitszeit:\u00a0 \u00a0 \u00a0 \u00a0 \u00a0 Teilzeit \/ Vollzeit (ca. 20\u201338,5 Std.\/Woche, nach Absprache) Arbeitsbeginn:\u00a0 \u00a0nach Vereinbarung &hellip; <\/p>\n","protected":false},"author":14,"featured_media":0,"parent":0,"menu_order":0,"comment_status":"closed","ping_status":"closed","template":"","meta":{"footnotes":""},"class_list":["post-2340","page","type-page","status-publish","hentry"],"yoast_head":"<!-- This site is optimized with the Yoast SEO plugin v27.5 - https:\/\/yoast.com\/product\/yoast-seo-wordpress\/ -->\n<title>Kindergarten im alten Schulhaus e.V. &#8211; Offene Position<\/title>\n<meta name=\"robots\" content=\"index, follow, max-snippet:-1, max-image-preview:large, max-video-preview:-1\" \/>\n<link rel=\"canonical\" href=\"https:\/\/kiga-im-alten-schulhaus.de\/kias2\/offene-position\/\" \/>\n<meta property=\"og:locale\" content=\"de_DE\" \/>\n<meta property=\"og:type\" content=\"article\" \/>\n<meta property=\"og:title\" content=\"Kindergarten im alten Schulhaus e.V. &#8211; Offene Position\" \/>\n<meta property=\"og:description\" content=\"Assistenzkraft (m\/w\/d) \u2013 Kindergarten im Alten Schulhaus e.V. (Qualifikation als Tagespflegeperson (\u00a743 SGB VIII) oder Teilnahme an Modul 1 Block A wird vorausgesetzt) &nbsp; Arbeitszeit:\u00a0 \u00a0 \u00a0 \u00a0 \u00a0 Teilzeit \/ Vollzeit (ca. 20\u201338,5 Std.\/Woche, nach Absprache) Arbeitsbeginn:\u00a0 \u00a0nach Vereinbarung &hellip;\" \/>\n<meta property=\"og:url\" content=\"https:\/\/kiga-im-alten-schulhaus.de\/kias2\/offene-position\/\" \/>\n<meta property=\"og:site_name\" content=\"Kindergarten im alten Schulhaus e.V.\" \/>\n<meta property=\"article:modified_time\" content=\"2026-03-20T13:30:56+00:00\" \/>\n<meta name=\"twitter:card\" content=\"summary_large_image\" \/>\n<meta name=\"twitter:label1\" content=\"Gesch\u00e4tzte Lesezeit\" \/>\n\t<meta name=\"twitter:data1\" content=\"3\u00a0Minuten\" \/>\n<script type=\"application\/ld+json\" class=\"yoast-schema-graph\">{\"@context\":\"https:\\\/\\\/schema.org\",\"@graph\":[{\"@type\":\"WebPage\",\"@id\":\"https:\\\/\\\/kiga-im-alten-schulhaus.de\\\/kias2\\\/offene-position\\\/\",\"url\":\"https:\\\/\\\/kiga-im-alten-schulhaus.de\\\/kias2\\\/offene-position\\\/\",\"name\":\"Kindergarten im alten Schulhaus e.V. &#8211; Offene Position\",\"isPartOf\":{\"@id\":\"https:\\\/\\\/kiga-im-alten-schulhaus.de\\\/kias2\\\/#website\"},\"datePublished\":\"2026-03-20T13:22:44+00:00\",\"dateModified\":\"2026-03-20T13:30:56+00:00\",\"breadcrumb\":{\"@id\":\"https:\\\/\\\/kiga-im-alten-schulhaus.de\\\/kias2\\\/offene-position\\\/#breadcrumb\"},\"inLanguage\":\"de\",\"potentialAction\":[{\"@type\":\"ReadAction\",\"target\":[\"https:\\\/\\\/kiga-im-alten-schulhaus.de\\\/kias2\\\/offene-position\\\/\"]}]},{\"@type\":\"BreadcrumbList\",\"@id\":\"https:\\\/\\\/kiga-im-alten-schulhaus.de\\\/kias2\\\/offene-position\\\/#breadcrumb\",\"itemListElement\":[{\"@type\":\"ListItem\",\"position\":1,\"name\":\"Home\",\"item\":\"https:\\\/\\\/kiga-im-alten-schulhaus.de\\\/kias2\\\/\"},{\"@type\":\"ListItem\",\"position\":2,\"name\":\"Offene Position\"}]},{\"@type\":\"WebSite\",\"@id\":\"https:\\\/\\\/kiga-im-alten-schulhaus.de\\\/kias2\\\/#website\",\"url\":\"https:\\\/\\\/kiga-im-alten-schulhaus.de\\\/kias2\\\/\",\"name\":\"Kindergarten im alten Schulhaus e.V.\",\"description\":\"\",\"publisher\":{\"@id\":\"https:\\\/\\\/kiga-im-alten-schulhaus.de\\\/kias2\\\/#organization\"},\"potentialAction\":[{\"@type\":\"SearchAction\",\"target\":{\"@type\":\"EntryPoint\",\"urlTemplate\":\"https:\\\/\\\/kiga-im-alten-schulhaus.de\\\/kias2\\\/?s={search_term_string}\"},\"query-input\":{\"@type\":\"PropertyValueSpecification\",\"valueRequired\":true,\"valueName\":\"search_term_string\"}}],\"inLanguage\":\"de\"},{\"@type\":\"Organization\",\"@id\":\"https:\\\/\\\/kiga-im-alten-schulhaus.de\\\/kias2\\\/#organization\",\"name\":\"Kindergarten im Alten Schulhaus e.V.\",\"url\":\"https:\\\/\\\/kiga-im-alten-schulhaus.de\\\/kias2\\\/\",\"logo\":{\"@type\":\"ImageObject\",\"inLanguage\":\"de\",\"@id\":\"https:\\\/\\\/kiga-im-alten-schulhaus.de\\\/kias2\\\/#\\\/schema\\\/logo\\\/image\\\/\",\"url\":\"http:\\\/\\\/kiga-im-alten-schulhaus.de\\\/kias2\\\/wp-content\\\/uploads\\\/2017\\\/03\\\/cropped-haus-1.jpg\",\"contentUrl\":\"http:\\\/\\\/kiga-im-alten-schulhaus.de\\\/kias2\\\/wp-content\\\/uploads\\\/2017\\\/03\\\/cropped-haus-1.jpg\",\"width\":512,\"height\":512,\"caption\":\"Kindergarten im Alten Schulhaus e.V.\"},\"image\":{\"@id\":\"https:\\\/\\\/kiga-im-alten-schulhaus.de\\\/kias2\\\/#\\\/schema\\\/logo\\\/image\\\/\"}}]}<\/script>\n<!-- \/ Yoast SEO plugin. -->","yoast_head_json":{"title":"Kindergarten im alten Schulhaus e.V. &#8211; Offene Position","robots":{"index":"index","follow":"follow","max-snippet":"max-snippet:-1","max-image-preview":"max-image-preview:large","max-video-preview":"max-video-preview:-1"},"canonical":"https:\/\/kiga-im-alten-schulhaus.de\/kias2\/offene-position\/","og_locale":"de_DE","og_type":"article","og_title":"Kindergarten im alten Schulhaus e.V. &#8211; Offene Position","og_description":"Assistenzkraft (m\/w\/d) \u2013 Kindergarten im Alten Schulhaus e.V. (Qualifikation als Tagespflegeperson (\u00a743 SGB VIII) oder Teilnahme an Modul 1 Block A wird vorausgesetzt) &nbsp; Arbeitszeit:\u00a0 \u00a0 \u00a0 \u00a0 \u00a0 Teilzeit \/ Vollzeit (ca. 20\u201338,5 Std.\/Woche, nach Absprache) Arbeitsbeginn:\u00a0 \u00a0nach Vereinbarung &hellip;","og_url":"https:\/\/kiga-im-alten-schulhaus.de\/kias2\/offene-position\/","og_site_name":"Kindergarten im alten Schulhaus e.V.","article_modified_time":"2026-03-20T13:30:56+00:00","twitter_card":"summary_large_image","twitter_misc":{"Gesch\u00e4tzte Lesezeit":"3\u00a0Minuten"},"schema":{"@context":"https:\/\/schema.org","@graph":[{"@type":"WebPage","@id":"https:\/\/kiga-im-alten-schulhaus.de\/kias2\/offene-position\/","url":"https:\/\/kiga-im-alten-schulhaus.de\/kias2\/offene-position\/","name":"Kindergarten im alten Schulhaus e.V. &#8211; Offene Position","isPartOf":{"@id":"https:\/\/kiga-im-alten-schulhaus.de\/kias2\/#website"},"datePublished":"2026-03-20T13:22:44+00:00","dateModified":"2026-03-20T13:30:56+00:00","breadcrumb":{"@id":"https:\/\/kiga-im-alten-schulhaus.de\/kias2\/offene-position\/#breadcrumb"},"inLanguage":"de","potentialAction":[{"@type":"ReadAction","target":["https:\/\/kiga-im-alten-schulhaus.de\/kias2\/offene-position\/"]}]},{"@type":"BreadcrumbList","@id":"https:\/\/kiga-im-alten-schulhaus.de\/kias2\/offene-position\/#breadcrumb","itemListElement":[{"@type":"ListItem","position":1,"name":"Home","item":"https:\/\/kiga-im-alten-schulhaus.de\/kias2\/"},{"@type":"ListItem","position":2,"name":"Offene Position"}]},{"@type":"WebSite","@id":"https:\/\/kiga-im-alten-schulhaus.de\/kias2\/#website","url":"https:\/\/kiga-im-alten-schulhaus.de\/kias2\/","name":"Kindergarten im alten Schulhaus e.V.","description":"","publisher":{"@id":"https:\/\/kiga-im-alten-schulhaus.de\/kias2\/#organization"},"potentialAction":[{"@type":"SearchAction","target":{"@type":"EntryPoint","urlTemplate":"https:\/\/kiga-im-alten-schulhaus.de\/kias2\/?s={search_term_string}"},"query-input":{"@type":"PropertyValueSpecification","valueRequired":true,"valueName":"search_term_string"}}],"inLanguage":"de"},{"@type":"Organization","@id":"https:\/\/kiga-im-alten-schulhaus.de\/kias2\/#organization","name":"Kindergarten im Alten Schulhaus e.V.","url":"https:\/\/kiga-im-alten-schulhaus.de\/kias2\/","logo":{"@type":"ImageObject","inLanguage":"de","@id":"https:\/\/kiga-im-alten-schulhaus.de\/kias2\/#\/schema\/logo\/image\/","url":"http:\/\/kiga-im-alten-schulhaus.de\/kias2\/wp-content\/uploads\/2017\/03\/cropped-haus-1.jpg","contentUrl":"http:\/\/kiga-im-alten-schulhaus.de\/kias2\/wp-content\/uploads\/2017\/03\/cropped-haus-1.jpg","width":512,"height":512,"caption":"Kindergarten im Alten Schulhaus e.V."},"image":{"@id":"https:\/\/kiga-im-alten-schulhaus.de\/kias2\/#\/schema\/logo\/image\/"}}]}},"_links":{"self":[{"href":"https:\/\/kiga-im-alten-schulhaus.de\/kias2\/wp-json\/wp\/v2\/pages\/2340","targetHints":{"allow":["GET"]}}],"collection":[{"href":"https:\/\/kiga-im-alten-schulhaus.de\/kias2\/wp-json\/wp\/v2\/pages"}],"about":[{"href":"https:\/\/kiga-im-alten-schulhaus.de\/kias2\/wp-json\/wp\/v2\/types\/page"}],"author":[{"embeddable":true,"href":"https:\/\/kiga-im-alten-schulhaus.de\/kias2\/wp-json\/wp\/v2\/users\/14"}],"replies":[{"embeddable":true,"href":"https:\/\/kiga-im-alten-schulhaus.de\/kias2\/wp-json\/wp\/v2\/comments?post=2340"}],"version-history":[{"count":3,"href":"https:\/\/kiga-im-alten-schulhaus.de\/kias2\/wp-json\/wp\/v2\/pages\/2340\/revisions"}],"predecessor-version":[{"id":2346,"href":"https:\/\/kiga-im-alten-schulhaus.de\/kias2\/wp-json\/wp\/v2\/pages\/2340\/revisions\/2346"}],"wp:attachment":[{"href":"https:\/\/kiga-im-alten-schulhaus.de\/kias2\/wp-json\/wp\/v2\/media?parent=2340"}],"curies":[{"name":"wp","href":"https:\/\/api.w.org\/{rel}","templated":true}]}}