{"id":40,"date":"2017-03-06T18:12:17","date_gmt":"2017-03-06T18:12:17","guid":{"rendered":"http:\/\/kiga-im-alten-schulhaus.de\/kias2\/?page_id=40"},"modified":"2023-04-23T21:56:45","modified_gmt":"2023-04-23T20:56:45","slug":"konzept","status":"publish","type":"page","link":"https:\/\/kiga-im-alten-schulhaus.de\/kias2\/konzept\/","title":{"rendered":"Konzept"},"content":{"rendered":"<h2><span style=\"color: #ff6600; font-size: 24pt;\"><strong><em>\u201eMan kann einem Menschen nichts beibringen, man kann ihm nur helfen, es in sich selbst zu entdecken\u201c &#8211; Galilei<\/em><\/strong><\/span><\/h2>\n<p><img loading=\"lazy\" decoding=\"async\" class=\"alignnone size-full wp-image-1795\" src=\"https:\/\/kiga-im-alten-schulhaus.de\/kias2\/wp-content\/uploads\/2022\/09\/cropped-219248111_4571680882866430_4049105452718974203_n2.jpg\" alt=\"\" width=\"2000\" height=\"1199\" srcset=\"https:\/\/kiga-im-alten-schulhaus.de\/kias2\/wp-content\/uploads\/2022\/09\/cropped-219248111_4571680882866430_4049105452718974203_n2.jpg 2000w, https:\/\/kiga-im-alten-schulhaus.de\/kias2\/wp-content\/uploads\/2022\/09\/cropped-219248111_4571680882866430_4049105452718974203_n2-300x180.jpg 300w, https:\/\/kiga-im-alten-schulhaus.de\/kias2\/wp-content\/uploads\/2022\/09\/cropped-219248111_4571680882866430_4049105452718974203_n2-1024x614.jpg 1024w, https:\/\/kiga-im-alten-schulhaus.de\/kias2\/wp-content\/uploads\/2022\/09\/cropped-219248111_4571680882866430_4049105452718974203_n2-768x460.jpg 768w, https:\/\/kiga-im-alten-schulhaus.de\/kias2\/wp-content\/uploads\/2022\/09\/cropped-219248111_4571680882866430_4049105452718974203_n2-1536x921.jpg 1536w\" sizes=\"auto, (max-width: 2000px) 100vw, 2000px\" \/><\/p>\n<p>Bei uns steht jedes Kind mit seiner ganz besonderen Pers\u00f6nlichkeit im Mittelpunkt. Mit frei w\u00e4hlbaren Funktionsr\u00e4umen und individuell gestaltbaren Tagesabl\u00e4ufen erm\u00f6glichen wir den Kindern gr\u00f6\u00dftm\u00f6gliche Selbstbestimmung und Selbstverwirklichung. Im Freispiel und in kleinen Projekten \u2013 in unserer \u201eVilla Kunterbunt\u201c oder unserem gro\u00dfen Garten direkt an der Isar \u2013 k\u00f6nnen die Kinder ihre eigenen Ideen umsetzen, sich im Miteinander ausprobieren und situationsbasiert lernen. So wird jeder Tag zu etwas Besonderem!<\/p>\n<p><strong>Auf den folgenden Seiten finden Sie Informationen zu:<\/strong><\/p>\n<ul>\n<li><span style=\"color: #ff6600;\"><strong><a style=\"color: #ff6600;\" href=\"https:\/\/kiga-im-alten-schulhaus.de\/kias2\/paedagogik\/leitbild\/\">Leitbild<\/a><\/strong><\/span><\/li>\n<li><span style=\"color: #ff6600;\"><a style=\"color: #ff6600;\" href=\"https:\/\/kiga-im-alten-schulhaus.de\/kias2\/paedagogik\/padagogische-eckpfeiler\/\"><strong>P\u00e4dagogische Eckpfeiler<\/strong><\/a><\/span><\/li>\n<li><span style=\"color: #ff6600;\"><a style=\"color: #ff6600;\" href=\"https:\/\/kiga-im-alten-schulhaus.de\/kias2\/paedagogik\/paedagogische-angebote\/\"><strong>P\u00e4dagogische Angebote<\/strong><\/a><\/span><\/li>\n<li><span style=\"color: #ff6600;\"><a style=\"color: #ff6600;\" href=\"https:\/\/kiga-im-alten-schulhaus.de\/kias2\/paedagogik\/raumkonzept\/\"><strong>Raumkonzept<\/strong><\/a><\/span><\/li>\n<li><span style=\"color: #ff6600;\"><strong><a style=\"color: #ff6600;\" href=\"https:\/\/kiga-im-alten-schulhaus.de\/kias2\/tagesablauf\/\">Tagesablauf<\/a><\/strong><\/span><\/li>\n<li><strong><span style=\"color: #ff6600;\"><a style=\"color: #ff6600;\" href=\"https:\/\/kiga-im-alten-schulhaus.de\/kias2\/konzept\/ernaehrung\/\">Ern\u00e4hrung<\/a><\/span><\/strong><\/li>\n<\/ul>\n","protected":false},"excerpt":{"rendered":"<p>\u201eMan kann einem Menschen nichts beibringen, man kann ihm nur helfen, es in sich selbst zu entdecken\u201c &#8211; Galilei Bei uns steht jedes Kind mit seiner ganz besonderen Pers\u00f6nlichkeit im Mittelpunkt. Mit frei w\u00e4hlbaren Funktionsr\u00e4umen und individuell gestaltbaren Tagesabl\u00e4ufen erm\u00f6glichen &hellip; <\/p>\n","protected":false},"author":11,"featured_media":0,"parent":0,"menu_order":3,"comment_status":"closed","ping_status":"closed","template":"","meta":{"footnotes":""},"class_list":["post-40","page","type-page","status-publish","hentry"],"yoast_head":"<!-- This site is optimized with the Yoast SEO plugin v27.3 - https:\/\/yoast.com\/product\/yoast-seo-wordpress\/ -->\n<title>Kindergarten im alten Schulhaus e.V. &#8211; Konzept<\/title>\n<meta name=\"robots\" content=\"index, follow, max-snippet:-1, max-image-preview:large, max-video-preview:-1\" \/>\n<link rel=\"canonical\" href=\"https:\/\/kiga-im-alten-schulhaus.de\/kias2\/konzept\/\" \/>\n<meta property=\"og:locale\" content=\"de_DE\" \/>\n<meta property=\"og:type\" content=\"article\" \/>\n<meta property=\"og:title\" content=\"Kindergarten im alten Schulhaus e.V. &#8211; Konzept\" \/>\n<meta property=\"og:description\" content=\"\u201eMan kann einem Menschen nichts beibringen, man kann ihm nur helfen, es in sich selbst zu entdecken\u201c &#8211; Galilei Bei uns steht jedes Kind mit seiner ganz besonderen Pers\u00f6nlichkeit im Mittelpunkt. Mit frei w\u00e4hlbaren Funktionsr\u00e4umen und individuell gestaltbaren Tagesabl\u00e4ufen erm\u00f6glichen &hellip;\" \/>\n<meta property=\"og:url\" content=\"https:\/\/kiga-im-alten-schulhaus.de\/kias2\/konzept\/\" \/>\n<meta property=\"og:site_name\" content=\"Kindergarten im alten Schulhaus e.V.\" \/>\n<meta property=\"article:modified_time\" content=\"2023-04-23T20:56:45+00:00\" \/>\n<meta property=\"og:image\" content=\"http:\/\/kiga-im-alten-schulhaus.de\/kias2\/wp-content\/uploads\/2022\/09\/cropped-219248111_4571680882866430_4049105452718974203_n2.jpg\" \/>\n<meta name=\"twitter:card\" content=\"summary_large_image\" \/>\n<meta name=\"twitter:label1\" content=\"Gesch\u00e4tzte Lesezeit\" \/>\n\t<meta name=\"twitter:data1\" content=\"1\u00a0Minute\" \/>\n<script type=\"application\/ld+json\" class=\"yoast-schema-graph\">{\"@context\":\"https:\\\/\\\/schema.org\",\"@graph\":[{\"@type\":\"WebPage\",\"@id\":\"https:\\\/\\\/kiga-im-alten-schulhaus.de\\\/kias2\\\/konzept\\\/\",\"url\":\"https:\\\/\\\/kiga-im-alten-schulhaus.de\\\/kias2\\\/konzept\\\/\",\"name\":\"Kindergarten im alten Schulhaus e.V. &#8211; Konzept\",\"isPartOf\":{\"@id\":\"https:\\\/\\\/kiga-im-alten-schulhaus.de\\\/kias2\\\/#website\"},\"primaryImageOfPage\":{\"@id\":\"https:\\\/\\\/kiga-im-alten-schulhaus.de\\\/kias2\\\/konzept\\\/#primaryimage\"},\"image\":{\"@id\":\"https:\\\/\\\/kiga-im-alten-schulhaus.de\\\/kias2\\\/konzept\\\/#primaryimage\"},\"thumbnailUrl\":\"http:\\\/\\\/kiga-im-alten-schulhaus.de\\\/kias2\\\/wp-content\\\/uploads\\\/2022\\\/09\\\/cropped-219248111_4571680882866430_4049105452718974203_n2.jpg\",\"datePublished\":\"2017-03-06T18:12:17+00:00\",\"dateModified\":\"2023-04-23T20:56:45+00:00\",\"breadcrumb\":{\"@id\":\"https:\\\/\\\/kiga-im-alten-schulhaus.de\\\/kias2\\\/konzept\\\/#breadcrumb\"},\"inLanguage\":\"de\",\"potentialAction\":[{\"@type\":\"ReadAction\",\"target\":[\"https:\\\/\\\/kiga-im-alten-schulhaus.de\\\/kias2\\\/konzept\\\/\"]}]},{\"@type\":\"ImageObject\",\"inLanguage\":\"de\",\"@id\":\"https:\\\/\\\/kiga-im-alten-schulhaus.de\\\/kias2\\\/konzept\\\/#primaryimage\",\"url\":\"https:\\\/\\\/kiga-im-alten-schulhaus.de\\\/kias2\\\/wp-content\\\/uploads\\\/2022\\\/09\\\/cropped-219248111_4571680882866430_4049105452718974203_n2.jpg\",\"contentUrl\":\"https:\\\/\\\/kiga-im-alten-schulhaus.de\\\/kias2\\\/wp-content\\\/uploads\\\/2022\\\/09\\\/cropped-219248111_4571680882866430_4049105452718974203_n2.jpg\",\"width\":2000,\"height\":1199},{\"@type\":\"BreadcrumbList\",\"@id\":\"https:\\\/\\\/kiga-im-alten-schulhaus.de\\\/kias2\\\/konzept\\\/#breadcrumb\",\"itemListElement\":[{\"@type\":\"ListItem\",\"position\":1,\"name\":\"Home\",\"item\":\"https:\\\/\\\/kiga-im-alten-schulhaus.de\\\/kias2\\\/\"},{\"@type\":\"ListItem\",\"position\":2,\"name\":\"Konzept\"}]},{\"@type\":\"WebSite\",\"@id\":\"https:\\\/\\\/kiga-im-alten-schulhaus.de\\\/kias2\\\/#website\",\"url\":\"https:\\\/\\\/kiga-im-alten-schulhaus.de\\\/kias2\\\/\",\"name\":\"Kindergarten im alten Schulhaus e.V.\",\"description\":\"\",\"publisher\":{\"@id\":\"https:\\\/\\\/kiga-im-alten-schulhaus.de\\\/kias2\\\/#organization\"},\"potentialAction\":[{\"@type\":\"SearchAction\",\"target\":{\"@type\":\"EntryPoint\",\"urlTemplate\":\"https:\\\/\\\/kiga-im-alten-schulhaus.de\\\/kias2\\\/?s={search_term_string}\"},\"query-input\":{\"@type\":\"PropertyValueSpecification\",\"valueRequired\":true,\"valueName\":\"search_term_string\"}}],\"inLanguage\":\"de\"},{\"@type\":\"Organization\",\"@id\":\"https:\\\/\\\/kiga-im-alten-schulhaus.de\\\/kias2\\\/#organization\",\"name\":\"Kindergarten im Alten Schulhaus e.V.\",\"url\":\"https:\\\/\\\/kiga-im-alten-schulhaus.de\\\/kias2\\\/\",\"logo\":{\"@type\":\"ImageObject\",\"inLanguage\":\"de\",\"@id\":\"https:\\\/\\\/kiga-im-alten-schulhaus.de\\\/kias2\\\/#\\\/schema\\\/logo\\\/image\\\/\",\"url\":\"http:\\\/\\\/kiga-im-alten-schulhaus.de\\\/kias2\\\/wp-content\\\/uploads\\\/2017\\\/03\\\/cropped-haus-1.jpg\",\"contentUrl\":\"http:\\\/\\\/kiga-im-alten-schulhaus.de\\\/kias2\\\/wp-content\\\/uploads\\\/2017\\\/03\\\/cropped-haus-1.jpg\",\"width\":512,\"height\":512,\"caption\":\"Kindergarten im Alten Schulhaus e.V.\"},\"image\":{\"@id\":\"https:\\\/\\\/kiga-im-alten-schulhaus.de\\\/kias2\\\/#\\\/schema\\\/logo\\\/image\\\/\"}}]}<\/script>\n<!-- \/ Yoast SEO plugin. -->","yoast_head_json":{"title":"Kindergarten im alten Schulhaus e.V. &#8211; Konzept","robots":{"index":"index","follow":"follow","max-snippet":"max-snippet:-1","max-image-preview":"max-image-preview:large","max-video-preview":"max-video-preview:-1"},"canonical":"https:\/\/kiga-im-alten-schulhaus.de\/kias2\/konzept\/","og_locale":"de_DE","og_type":"article","og_title":"Kindergarten im alten Schulhaus e.V. &#8211; Konzept","og_description":"\u201eMan kann einem Menschen nichts beibringen, man kann ihm nur helfen, es in sich selbst zu entdecken\u201c &#8211; Galilei Bei uns steht jedes Kind mit seiner ganz besonderen Pers\u00f6nlichkeit im Mittelpunkt. Mit frei w\u00e4hlbaren Funktionsr\u00e4umen und individuell gestaltbaren Tagesabl\u00e4ufen erm\u00f6glichen &hellip;","og_url":"https:\/\/kiga-im-alten-schulhaus.de\/kias2\/konzept\/","og_site_name":"Kindergarten im alten Schulhaus e.V.","article_modified_time":"2023-04-23T20:56:45+00:00","og_image":[{"url":"http:\/\/kiga-im-alten-schulhaus.de\/kias2\/wp-content\/uploads\/2022\/09\/cropped-219248111_4571680882866430_4049105452718974203_n2.jpg","type":"","width":"","height":""}],"twitter_card":"summary_large_image","twitter_misc":{"Gesch\u00e4tzte Lesezeit":"1\u00a0Minute"},"schema":{"@context":"https:\/\/schema.org","@graph":[{"@type":"WebPage","@id":"https:\/\/kiga-im-alten-schulhaus.de\/kias2\/konzept\/","url":"https:\/\/kiga-im-alten-schulhaus.de\/kias2\/konzept\/","name":"Kindergarten im alten Schulhaus e.V. &#8211; Konzept","isPartOf":{"@id":"https:\/\/kiga-im-alten-schulhaus.de\/kias2\/#website"},"primaryImageOfPage":{"@id":"https:\/\/kiga-im-alten-schulhaus.de\/kias2\/konzept\/#primaryimage"},"image":{"@id":"https:\/\/kiga-im-alten-schulhaus.de\/kias2\/konzept\/#primaryimage"},"thumbnailUrl":"http:\/\/kiga-im-alten-schulhaus.de\/kias2\/wp-content\/uploads\/2022\/09\/cropped-219248111_4571680882866430_4049105452718974203_n2.jpg","datePublished":"2017-03-06T18:12:17+00:00","dateModified":"2023-04-23T20:56:45+00:00","breadcrumb":{"@id":"https:\/\/kiga-im-alten-schulhaus.de\/kias2\/konzept\/#breadcrumb"},"inLanguage":"de","potentialAction":[{"@type":"ReadAction","target":["https:\/\/kiga-im-alten-schulhaus.de\/kias2\/konzept\/"]}]},{"@type":"ImageObject","inLanguage":"de","@id":"https:\/\/kiga-im-alten-schulhaus.de\/kias2\/konzept\/#primaryimage","url":"https:\/\/kiga-im-alten-schulhaus.de\/kias2\/wp-content\/uploads\/2022\/09\/cropped-219248111_4571680882866430_4049105452718974203_n2.jpg","contentUrl":"https:\/\/kiga-im-alten-schulhaus.de\/kias2\/wp-content\/uploads\/2022\/09\/cropped-219248111_4571680882866430_4049105452718974203_n2.jpg","width":2000,"height":1199},{"@type":"BreadcrumbList","@id":"https:\/\/kiga-im-alten-schulhaus.de\/kias2\/konzept\/#breadcrumb","itemListElement":[{"@type":"ListItem","position":1,"name":"Home","item":"https:\/\/kiga-im-alten-schulhaus.de\/kias2\/"},{"@type":"ListItem","position":2,"name":"Konzept"}]},{"@type":"WebSite","@id":"https:\/\/kiga-im-alten-schulhaus.de\/kias2\/#website","url":"https:\/\/kiga-im-alten-schulhaus.de\/kias2\/","name":"Kindergarten im alten Schulhaus e.V.","description":"","publisher":{"@id":"https:\/\/kiga-im-alten-schulhaus.de\/kias2\/#organization"},"potentialAction":[{"@type":"SearchAction","target":{"@type":"EntryPoint","urlTemplate":"https:\/\/kiga-im-alten-schulhaus.de\/kias2\/?s={search_term_string}"},"query-input":{"@type":"PropertyValueSpecification","valueRequired":true,"valueName":"search_term_string"}}],"inLanguage":"de"},{"@type":"Organization","@id":"https:\/\/kiga-im-alten-schulhaus.de\/kias2\/#organization","name":"Kindergarten im Alten Schulhaus e.V.","url":"https:\/\/kiga-im-alten-schulhaus.de\/kias2\/","logo":{"@type":"ImageObject","inLanguage":"de","@id":"https:\/\/kiga-im-alten-schulhaus.de\/kias2\/#\/schema\/logo\/image\/","url":"http:\/\/kiga-im-alten-schulhaus.de\/kias2\/wp-content\/uploads\/2017\/03\/cropped-haus-1.jpg","contentUrl":"http:\/\/kiga-im-alten-schulhaus.de\/kias2\/wp-content\/uploads\/2017\/03\/cropped-haus-1.jpg","width":512,"height":512,"caption":"Kindergarten im Alten Schulhaus e.V."},"image":{"@id":"https:\/\/kiga-im-alten-schulhaus.de\/kias2\/#\/schema\/logo\/image\/"}}]}},"_links":{"self":[{"href":"https:\/\/kiga-im-alten-schulhaus.de\/kias2\/wp-json\/wp\/v2\/pages\/40","targetHints":{"allow":["GET"]}}],"collection":[{"href":"https:\/\/kiga-im-alten-schulhaus.de\/kias2\/wp-json\/wp\/v2\/pages"}],"about":[{"href":"https:\/\/kiga-im-alten-schulhaus.de\/kias2\/wp-json\/wp\/v2\/types\/page"}],"author":[{"embeddable":true,"href":"https:\/\/kiga-im-alten-schulhaus.de\/kias2\/wp-json\/wp\/v2\/users\/11"}],"replies":[{"embeddable":true,"href":"https:\/\/kiga-im-alten-schulhaus.de\/kias2\/wp-json\/wp\/v2\/comments?post=40"}],"version-history":[{"count":11,"href":"https:\/\/kiga-im-alten-schulhaus.de\/kias2\/wp-json\/wp\/v2\/pages\/40\/revisions"}],"predecessor-version":[{"id":2022,"href":"https:\/\/kiga-im-alten-schulhaus.de\/kias2\/wp-json\/wp\/v2\/pages\/40\/revisions\/2022"}],"wp:attachment":[{"href":"https:\/\/kiga-im-alten-schulhaus.de\/kias2\/wp-json\/wp\/v2\/media?parent=40"}],"curies":[{"name":"wp","href":"https:\/\/api.w.org\/{rel}","templated":true}]}}