{"id":92,"date":"2017-03-06T19:15:02","date_gmt":"2017-03-06T19:15:02","guid":{"rendered":"http:\/\/kiga-im-alten-schulhaus.de\/kias2\/?page_id=92"},"modified":"2023-04-23T21:49:56","modified_gmt":"2023-04-23T20:49:56","slug":"leitbild","status":"publish","type":"page","link":"https:\/\/kiga-im-alten-schulhaus.de\/kias2\/konzept\/leitbild\/","title":{"rendered":"Leitbild"},"content":{"rendered":"<h2 style=\"text-align: left;\"><span style=\"font-size: 24pt; color: #ff6600;\"><strong><em>\u201eHilf mir, es selbst zu tun\u201c &#8211; <\/em>Maria Montessori<\/strong><\/span><\/h2>\n<p>Mit unserem p\u00e4dagogischen Konzept orientieren wir uns am Leitgedanken von Maria Montessori \u201eHilf mir, es selbst zu tun\u201c. Sie ging davon aus, dass jedes Kind einen \u201einneren Bauplan\u201c mitbringt, den es mit seinen individuellen F\u00e4higkeiten und in seinem eigenen Tempo verfolgt. Hierf\u00fcr ist es wichtig, dass die Kinder selbstt\u00e4tig werden k\u00f6nnen. In einer vorbereiteten Umgebung k\u00f6nnen sie entscheiden, welche Lernangebote sie annehmen und wieviel Zeit sie mit diesen verbringen m\u00f6chten.<\/p>\n<p><img loading=\"lazy\" decoding=\"async\" class=\"wp-image-1858 size-full aligncenter\" src=\"https:\/\/kiga-im-alten-schulhaus.de\/kias2\/wp-content\/uploads\/2023\/04\/Hilf_mir_es_selbst_zu_tun.jpg\" alt=\"\" width=\"630\" height=\"420\" srcset=\"https:\/\/kiga-im-alten-schulhaus.de\/kias2\/wp-content\/uploads\/2023\/04\/Hilf_mir_es_selbst_zu_tun.jpg 630w, https:\/\/kiga-im-alten-schulhaus.de\/kias2\/wp-content\/uploads\/2023\/04\/Hilf_mir_es_selbst_zu_tun-300x200.jpg 300w\" sizes=\"auto, (max-width: 630px) 100vw, 630px\" \/><\/p>\n<p>Jedes Kind verf\u00fcgt \u00fcber eine Vielzahl von St\u00e4rken und F\u00e4higkeiten, die es vor allem im freien Spiel zum Ausdruck bringt. Im Mittelpunkt unserer p\u00e4dagogischen Arbeit steht deshalb das Kind als eigenst\u00e4ndige Pers\u00f6nlichkeit mit eigenen Bed\u00fcrfnissen, Interessen, W\u00fcnschen, F\u00e4higkeiten und Erfahrungen. Kinder sind neugierig und wissensdurstig. Sie sind aktive Konstrukteur*innen ihrer Entwicklung und lernen durch eigenes Tun. Mit Hand, Herz und Verstand lernen Kinder ganzheitlich. Sie lernen miteinander und voneinander und erleben, wie sie als Individuum und in der Gruppe wichtig sind. Jedes Kind hat sein eigenes Lerntempo, an dem wir uns orientieren.<\/p>\n<p>Mehr \u00fcber unsere p\u00e4dagogischen Eckpfeiler erfahren Sie <strong><a href=\"https:\/\/kiga-im-alten-schulhaus.de\/kias2\/padagogisches\/padagogische-eckpfeiler\/\"><span style=\"color: #ff6600;\">hier<\/span><\/a><\/strong>. Unser komplettes Konzept k\u00f6nnen Sie <strong><a href=\"https:\/\/kiga-im-alten-schulhaus.de\/kias2\/wp-content\/uploads\/2023\/04\/Konzeption_Kindergarten_im_alten_Schulhaus_April_2023.pdf\"><span style=\"color: #ff6600;\">hier<\/span><\/a><\/strong> herunterladen.<\/p>\n<p>&nbsp;<\/p>\n<p>&nbsp;<\/p>\n","protected":false},"excerpt":{"rendered":"<p>\u201eHilf mir, es selbst zu tun\u201c &#8211; Maria Montessori Mit unserem p\u00e4dagogischen Konzept orientieren wir uns am Leitgedanken von Maria Montessori \u201eHilf mir, es selbst zu tun\u201c. Sie ging davon aus, dass jedes Kind einen \u201einneren Bauplan\u201c mitbringt, den es &hellip; <\/p>\n","protected":false},"author":11,"featured_media":0,"parent":40,"menu_order":0,"comment_status":"closed","ping_status":"closed","template":"","meta":{"footnotes":""},"class_list":["post-92","page","type-page","status-publish","hentry"],"yoast_head":"<!-- This site is optimized with the Yoast SEO plugin v27.3 - https:\/\/yoast.com\/product\/yoast-seo-wordpress\/ -->\n<title>Kindergarten im alten Schulhaus e.V. &#8211; Leitbild<\/title>\n<meta name=\"robots\" content=\"index, follow, max-snippet:-1, max-image-preview:large, max-video-preview:-1\" \/>\n<link rel=\"canonical\" href=\"https:\/\/kiga-im-alten-schulhaus.de\/kias2\/konzept\/leitbild\/\" \/>\n<meta property=\"og:locale\" content=\"de_DE\" \/>\n<meta property=\"og:type\" content=\"article\" \/>\n<meta property=\"og:title\" content=\"Kindergarten im alten Schulhaus e.V. &#8211; Leitbild\" \/>\n<meta property=\"og:description\" content=\"\u201eHilf mir, es selbst zu tun\u201c &#8211; Maria Montessori Mit unserem p\u00e4dagogischen Konzept orientieren wir uns am Leitgedanken von Maria Montessori \u201eHilf mir, es selbst zu tun\u201c. Sie ging davon aus, dass jedes Kind einen \u201einneren Bauplan\u201c mitbringt, den es &hellip;\" \/>\n<meta property=\"og:url\" content=\"https:\/\/kiga-im-alten-schulhaus.de\/kias2\/konzept\/leitbild\/\" \/>\n<meta property=\"og:site_name\" content=\"Kindergarten im alten Schulhaus e.V.\" \/>\n<meta property=\"article:modified_time\" content=\"2023-04-23T20:49:56+00:00\" \/>\n<meta property=\"og:image\" content=\"http:\/\/kiga-im-alten-schulhaus.de\/kias2\/wp-content\/uploads\/2023\/04\/Hilf_mir_es_selbst_zu_tun.jpg\" \/>\n<meta name=\"twitter:card\" content=\"summary_large_image\" \/>\n<meta name=\"twitter:label1\" content=\"Gesch\u00e4tzte Lesezeit\" \/>\n\t<meta name=\"twitter:data1\" content=\"2\u00a0Minuten\" \/>\n<script type=\"application\/ld+json\" class=\"yoast-schema-graph\">{\"@context\":\"https:\\\/\\\/schema.org\",\"@graph\":[{\"@type\":\"WebPage\",\"@id\":\"https:\\\/\\\/kiga-im-alten-schulhaus.de\\\/kias2\\\/konzept\\\/leitbild\\\/\",\"url\":\"https:\\\/\\\/kiga-im-alten-schulhaus.de\\\/kias2\\\/konzept\\\/leitbild\\\/\",\"name\":\"Kindergarten im alten Schulhaus e.V. &#8211; Leitbild\",\"isPartOf\":{\"@id\":\"https:\\\/\\\/kiga-im-alten-schulhaus.de\\\/kias2\\\/#website\"},\"primaryImageOfPage\":{\"@id\":\"https:\\\/\\\/kiga-im-alten-schulhaus.de\\\/kias2\\\/konzept\\\/leitbild\\\/#primaryimage\"},\"image\":{\"@id\":\"https:\\\/\\\/kiga-im-alten-schulhaus.de\\\/kias2\\\/konzept\\\/leitbild\\\/#primaryimage\"},\"thumbnailUrl\":\"http:\\\/\\\/kiga-im-alten-schulhaus.de\\\/kias2\\\/wp-content\\\/uploads\\\/2023\\\/04\\\/Hilf_mir_es_selbst_zu_tun.jpg\",\"datePublished\":\"2017-03-06T19:15:02+00:00\",\"dateModified\":\"2023-04-23T20:49:56+00:00\",\"breadcrumb\":{\"@id\":\"https:\\\/\\\/kiga-im-alten-schulhaus.de\\\/kias2\\\/konzept\\\/leitbild\\\/#breadcrumb\"},\"inLanguage\":\"de\",\"potentialAction\":[{\"@type\":\"ReadAction\",\"target\":[\"https:\\\/\\\/kiga-im-alten-schulhaus.de\\\/kias2\\\/konzept\\\/leitbild\\\/\"]}]},{\"@type\":\"ImageObject\",\"inLanguage\":\"de\",\"@id\":\"https:\\\/\\\/kiga-im-alten-schulhaus.de\\\/kias2\\\/konzept\\\/leitbild\\\/#primaryimage\",\"url\":\"https:\\\/\\\/kiga-im-alten-schulhaus.de\\\/kias2\\\/wp-content\\\/uploads\\\/2023\\\/04\\\/Hilf_mir_es_selbst_zu_tun.jpg\",\"contentUrl\":\"https:\\\/\\\/kiga-im-alten-schulhaus.de\\\/kias2\\\/wp-content\\\/uploads\\\/2023\\\/04\\\/Hilf_mir_es_selbst_zu_tun.jpg\",\"width\":630,\"height\":420},{\"@type\":\"BreadcrumbList\",\"@id\":\"https:\\\/\\\/kiga-im-alten-schulhaus.de\\\/kias2\\\/konzept\\\/leitbild\\\/#breadcrumb\",\"itemListElement\":[{\"@type\":\"ListItem\",\"position\":1,\"name\":\"Home\",\"item\":\"https:\\\/\\\/kiga-im-alten-schulhaus.de\\\/kias2\\\/\"},{\"@type\":\"ListItem\",\"position\":2,\"name\":\"Konzept\",\"item\":\"https:\\\/\\\/kiga-im-alten-schulhaus.de\\\/kias2\\\/konzept\\\/\"},{\"@type\":\"ListItem\",\"position\":3,\"name\":\"Leitbild\"}]},{\"@type\":\"WebSite\",\"@id\":\"https:\\\/\\\/kiga-im-alten-schulhaus.de\\\/kias2\\\/#website\",\"url\":\"https:\\\/\\\/kiga-im-alten-schulhaus.de\\\/kias2\\\/\",\"name\":\"Kindergarten im alten Schulhaus e.V.\",\"description\":\"\",\"publisher\":{\"@id\":\"https:\\\/\\\/kiga-im-alten-schulhaus.de\\\/kias2\\\/#organization\"},\"potentialAction\":[{\"@type\":\"SearchAction\",\"target\":{\"@type\":\"EntryPoint\",\"urlTemplate\":\"https:\\\/\\\/kiga-im-alten-schulhaus.de\\\/kias2\\\/?s={search_term_string}\"},\"query-input\":{\"@type\":\"PropertyValueSpecification\",\"valueRequired\":true,\"valueName\":\"search_term_string\"}}],\"inLanguage\":\"de\"},{\"@type\":\"Organization\",\"@id\":\"https:\\\/\\\/kiga-im-alten-schulhaus.de\\\/kias2\\\/#organization\",\"name\":\"Kindergarten im Alten Schulhaus e.V.\",\"url\":\"https:\\\/\\\/kiga-im-alten-schulhaus.de\\\/kias2\\\/\",\"logo\":{\"@type\":\"ImageObject\",\"inLanguage\":\"de\",\"@id\":\"https:\\\/\\\/kiga-im-alten-schulhaus.de\\\/kias2\\\/#\\\/schema\\\/logo\\\/image\\\/\",\"url\":\"http:\\\/\\\/kiga-im-alten-schulhaus.de\\\/kias2\\\/wp-content\\\/uploads\\\/2017\\\/03\\\/cropped-haus-1.jpg\",\"contentUrl\":\"http:\\\/\\\/kiga-im-alten-schulhaus.de\\\/kias2\\\/wp-content\\\/uploads\\\/2017\\\/03\\\/cropped-haus-1.jpg\",\"width\":512,\"height\":512,\"caption\":\"Kindergarten im Alten Schulhaus e.V.\"},\"image\":{\"@id\":\"https:\\\/\\\/kiga-im-alten-schulhaus.de\\\/kias2\\\/#\\\/schema\\\/logo\\\/image\\\/\"}}]}<\/script>\n<!-- \/ Yoast SEO plugin. -->","yoast_head_json":{"title":"Kindergarten im alten Schulhaus e.V. &#8211; Leitbild","robots":{"index":"index","follow":"follow","max-snippet":"max-snippet:-1","max-image-preview":"max-image-preview:large","max-video-preview":"max-video-preview:-1"},"canonical":"https:\/\/kiga-im-alten-schulhaus.de\/kias2\/konzept\/leitbild\/","og_locale":"de_DE","og_type":"article","og_title":"Kindergarten im alten Schulhaus e.V. &#8211; Leitbild","og_description":"\u201eHilf mir, es selbst zu tun\u201c &#8211; Maria Montessori Mit unserem p\u00e4dagogischen Konzept orientieren wir uns am Leitgedanken von Maria Montessori \u201eHilf mir, es selbst zu tun\u201c. Sie ging davon aus, dass jedes Kind einen \u201einneren Bauplan\u201c mitbringt, den es &hellip;","og_url":"https:\/\/kiga-im-alten-schulhaus.de\/kias2\/konzept\/leitbild\/","og_site_name":"Kindergarten im alten Schulhaus e.V.","article_modified_time":"2023-04-23T20:49:56+00:00","og_image":[{"url":"http:\/\/kiga-im-alten-schulhaus.de\/kias2\/wp-content\/uploads\/2023\/04\/Hilf_mir_es_selbst_zu_tun.jpg","type":"","width":"","height":""}],"twitter_card":"summary_large_image","twitter_misc":{"Gesch\u00e4tzte Lesezeit":"2\u00a0Minuten"},"schema":{"@context":"https:\/\/schema.org","@graph":[{"@type":"WebPage","@id":"https:\/\/kiga-im-alten-schulhaus.de\/kias2\/konzept\/leitbild\/","url":"https:\/\/kiga-im-alten-schulhaus.de\/kias2\/konzept\/leitbild\/","name":"Kindergarten im alten Schulhaus e.V. &#8211; Leitbild","isPartOf":{"@id":"https:\/\/kiga-im-alten-schulhaus.de\/kias2\/#website"},"primaryImageOfPage":{"@id":"https:\/\/kiga-im-alten-schulhaus.de\/kias2\/konzept\/leitbild\/#primaryimage"},"image":{"@id":"https:\/\/kiga-im-alten-schulhaus.de\/kias2\/konzept\/leitbild\/#primaryimage"},"thumbnailUrl":"http:\/\/kiga-im-alten-schulhaus.de\/kias2\/wp-content\/uploads\/2023\/04\/Hilf_mir_es_selbst_zu_tun.jpg","datePublished":"2017-03-06T19:15:02+00:00","dateModified":"2023-04-23T20:49:56+00:00","breadcrumb":{"@id":"https:\/\/kiga-im-alten-schulhaus.de\/kias2\/konzept\/leitbild\/#breadcrumb"},"inLanguage":"de","potentialAction":[{"@type":"ReadAction","target":["https:\/\/kiga-im-alten-schulhaus.de\/kias2\/konzept\/leitbild\/"]}]},{"@type":"ImageObject","inLanguage":"de","@id":"https:\/\/kiga-im-alten-schulhaus.de\/kias2\/konzept\/leitbild\/#primaryimage","url":"https:\/\/kiga-im-alten-schulhaus.de\/kias2\/wp-content\/uploads\/2023\/04\/Hilf_mir_es_selbst_zu_tun.jpg","contentUrl":"https:\/\/kiga-im-alten-schulhaus.de\/kias2\/wp-content\/uploads\/2023\/04\/Hilf_mir_es_selbst_zu_tun.jpg","width":630,"height":420},{"@type":"BreadcrumbList","@id":"https:\/\/kiga-im-alten-schulhaus.de\/kias2\/konzept\/leitbild\/#breadcrumb","itemListElement":[{"@type":"ListItem","position":1,"name":"Home","item":"https:\/\/kiga-im-alten-schulhaus.de\/kias2\/"},{"@type":"ListItem","position":2,"name":"Konzept","item":"https:\/\/kiga-im-alten-schulhaus.de\/kias2\/konzept\/"},{"@type":"ListItem","position":3,"name":"Leitbild"}]},{"@type":"WebSite","@id":"https:\/\/kiga-im-alten-schulhaus.de\/kias2\/#website","url":"https:\/\/kiga-im-alten-schulhaus.de\/kias2\/","name":"Kindergarten im alten Schulhaus e.V.","description":"","publisher":{"@id":"https:\/\/kiga-im-alten-schulhaus.de\/kias2\/#organization"},"potentialAction":[{"@type":"SearchAction","target":{"@type":"EntryPoint","urlTemplate":"https:\/\/kiga-im-alten-schulhaus.de\/kias2\/?s={search_term_string}"},"query-input":{"@type":"PropertyValueSpecification","valueRequired":true,"valueName":"search_term_string"}}],"inLanguage":"de"},{"@type":"Organization","@id":"https:\/\/kiga-im-alten-schulhaus.de\/kias2\/#organization","name":"Kindergarten im Alten Schulhaus e.V.","url":"https:\/\/kiga-im-alten-schulhaus.de\/kias2\/","logo":{"@type":"ImageObject","inLanguage":"de","@id":"https:\/\/kiga-im-alten-schulhaus.de\/kias2\/#\/schema\/logo\/image\/","url":"http:\/\/kiga-im-alten-schulhaus.de\/kias2\/wp-content\/uploads\/2017\/03\/cropped-haus-1.jpg","contentUrl":"http:\/\/kiga-im-alten-schulhaus.de\/kias2\/wp-content\/uploads\/2017\/03\/cropped-haus-1.jpg","width":512,"height":512,"caption":"Kindergarten im Alten Schulhaus e.V."},"image":{"@id":"https:\/\/kiga-im-alten-schulhaus.de\/kias2\/#\/schema\/logo\/image\/"}}]}},"_links":{"self":[{"href":"https:\/\/kiga-im-alten-schulhaus.de\/kias2\/wp-json\/wp\/v2\/pages\/92","targetHints":{"allow":["GET"]}}],"collection":[{"href":"https:\/\/kiga-im-alten-schulhaus.de\/kias2\/wp-json\/wp\/v2\/pages"}],"about":[{"href":"https:\/\/kiga-im-alten-schulhaus.de\/kias2\/wp-json\/wp\/v2\/types\/page"}],"author":[{"embeddable":true,"href":"https:\/\/kiga-im-alten-schulhaus.de\/kias2\/wp-json\/wp\/v2\/users\/11"}],"replies":[{"embeddable":true,"href":"https:\/\/kiga-im-alten-schulhaus.de\/kias2\/wp-json\/wp\/v2\/comments?post=92"}],"version-history":[{"count":11,"href":"https:\/\/kiga-im-alten-schulhaus.de\/kias2\/wp-json\/wp\/v2\/pages\/92\/revisions"}],"predecessor-version":[{"id":1968,"href":"https:\/\/kiga-im-alten-schulhaus.de\/kias2\/wp-json\/wp\/v2\/pages\/92\/revisions\/1968"}],"up":[{"embeddable":true,"href":"https:\/\/kiga-im-alten-schulhaus.de\/kias2\/wp-json\/wp\/v2\/pages\/40"}],"wp:attachment":[{"href":"https:\/\/kiga-im-alten-schulhaus.de\/kias2\/wp-json\/wp\/v2\/media?parent=92"}],"curies":[{"name":"wp","href":"https:\/\/api.w.org\/{rel}","templated":true}]}}